{"id":879,"date":"2014-08-25T14:09:07","date_gmt":"2014-08-25T12:09:07","guid":{"rendered":"http:\/\/www.mairie-outarville.fr\/?page_id=879"},"modified":"2019-08-05T16:29:49","modified_gmt":"2019-08-05T14:29:49","slug":"cimetiere","status":"publish","type":"page","link":"http:\/\/www.mairie-outarville.fr\/?page_id=879","title":{"rendered":"Cimeti\u00e8re"},"content":{"rendered":"<p>&nbsp;<\/p>\n<div class=\"fiche-item-title\">\n<h3><button id=\"ui-collapse-sn9hhgpj73k20j2p4ri8ls\" class=\"btn btn-collapse\" style=\"font-weight: normal; font-style: inherit; color: #0b6ba8;\" type=\"button\" data-toggle=\"collapse\" data-xiti-type=\"navigation\" data-target=\"#fiche-item-2\" data-xiti-name=\"Particuliers::Vos_droits::Depliant::Qui_peut_acqu\u00e9rir_une_concession_dans_une_commune_?_F31001_Qu_est-ce_qu_une_concession_funeraire__\" data-atclickmanagement=\"no\">Qui peut acqu\u00e9rir une concession dans une commune ?<\/button><\/h3>\n<\/div>\n<div id=\"fiche-item-2\" class=\"fiche-item-content collapse in\">\n<p>Pour avoir le droit d&rsquo;\u00eatre inhum\u00e9 dans une commune, il faut \u00eatre dans l&rsquo;une des situations suivantes :<\/p>\n<ul>\n<li>\u00catre d\u00e9c\u00e9d\u00e9 dans la commune, quel que soit le domicile de la personne<\/li>\n<li>\u00catre domicili\u00e9 dans la commune<\/li>\n<li>B\u00e9n\u00e9ficier d&rsquo;une concession familiale<\/li>\n<li>\u00catre inscrit sur la liste \u00e9lectorale de la commune si on habite \u00e0 l&rsquo;\u00e9tranger<\/li>\n<\/ul>\n<p>En dehors de ce droit, toute personne peut acqu\u00e9rir une concession dans une commune pour s&rsquo;y faire inhumer, ainsi que sa famille. Le maire peut cependant refuser l&rsquo;octroi d&rsquo;une concession en invoquant un manque de place dans le cimeti\u00e8re ou la politique communale de gestion du cimeti\u00e8re. Il est utile de consulter le r\u00e8glement int\u00e9rieur du cimeti\u00e8re avant de d\u00e9poser votre demande.<\/p>\n<\/div>\n<div class=\"fiche-item\">\n<div class=\"fiche-item-title\">\n<h3><button id=\"ui-collapse-4oae5qef8pomljsg2rs0a\" class=\"btn btn-collapse\" style=\"font-weight: normal; font-style: inherit; color: #0b6ba8;\" type=\"button\" data-toggle=\"collapse\" data-xiti-type=\"navigation\" data-target=\"#fiche-item-1\" data-xiti-name=\"Particuliers::Vos_droits::Depliant::Quels_sont_les_diff\u00e9rents_types_de_concession_?_F31001_Qu_est-ce_qu_une_concession_funeraire__\" data-atclickmanagement=\"no\">Quels sont les diff\u00e9rents types de concession ?<\/button><\/h3>\n<\/div>\n<div id=\"fiche-item-1\" class=\"fiche-item-content collapse in\">\n<p>Les diff\u00e9rents types de concession se distinguent par les personnes auxquelles elles sont r\u00e9serv\u00e9es, ainsi que par leur dur\u00e9e\u00a0:<\/p>\n<ul>\n<li>Une concession\u00a0<strong style=\"font-weight: bold;\">individuelle<\/strong>\u00a0est r\u00e9serv\u00e9e \u00e0 la personne pour laquelle elle a \u00e9t\u00e9 acquise.<\/li>\n<li>Une concession\u00a0<strong style=\"font-weight: bold;\">collective<\/strong>\u00a0est r\u00e9serv\u00e9e aux personnes d\u00e9sign\u00e9es dans l&rsquo;acte de concession.<\/li>\n<li>Une concession\u00a0<strong style=\"font-weight: bold;\">familiale<\/strong>\u00a0est r\u00e9serv\u00e9e \u00e0 son titulaire initial et aux membres de sa famille.<\/li>\n<\/ul>\n<\/div>\n<\/div>\n<p>[wpdm_file id=36]<\/p>\n<p>[wpdm_file id=37]<\/p>\n","protected":false},"excerpt":{"rendered":"<p>&nbsp; Qui peut acqu\u00e9rir une concession dans une commune ? Pour avoir le droit d&rsquo;\u00eatre inhum\u00e9 dans une commune, il faut \u00eatre dans l&rsquo;une des situations suivantes : \u00catre d\u00e9c\u00e9d\u00e9 dans la commune, quel que soit le domicile de la personne \u00catre domicili\u00e9 dans la commune B\u00e9n\u00e9ficier d&rsquo;une concession familiale \u00catre inscrit sur la liste<\/p>\n","protected":false},"author":3,"featured_media":0,"parent":0,"menu_order":0,"comment_status":"closed","ping_status":"closed","template":"","meta":{"footnotes":""},"_links":{"self":[{"href":"http:\/\/www.mairie-outarville.fr\/index.php?rest_route=\/wp\/v2\/pages\/879"}],"collection":[{"href":"http:\/\/www.mairie-outarville.fr\/index.php?rest_route=\/wp\/v2\/pages"}],"about":[{"href":"http:\/\/www.mairie-outarville.fr\/index.php?rest_route=\/wp\/v2\/types\/page"}],"author":[{"embeddable":true,"href":"http:\/\/www.mairie-outarville.fr\/index.php?rest_route=\/wp\/v2\/users\/3"}],"replies":[{"embeddable":true,"href":"http:\/\/www.mairie-outarville.fr\/index.php?rest_route=%2Fwp%2Fv2%2Fcomments&post=879"}],"version-history":[{"count":6,"href":"http:\/\/www.mairie-outarville.fr\/index.php?rest_route=\/wp\/v2\/pages\/879\/revisions"}],"predecessor-version":[{"id":2937,"href":"http:\/\/www.mairie-outarville.fr\/index.php?rest_route=\/wp\/v2\/pages\/879\/revisions\/2937"}],"wp:attachment":[{"href":"http:\/\/www.mairie-outarville.fr\/index.php?rest_route=%2Fwp%2Fv2%2Fmedia&parent=879"}],"curies":[{"name":"wp","href":"https:\/\/api.w.org\/{rel}","templated":true}]}}