{"id":5483,"date":"2021-06-11T11:42:47","date_gmt":"2021-06-11T09:42:47","guid":{"rendered":"http:\/\/www.mairie-outarville.fr\/?page_id=5483"},"modified":"2021-06-11T12:09:27","modified_gmt":"2021-06-11T10:09:27","slug":"plan-local-communal-durbanisme","status":"publish","type":"page","link":"http:\/\/www.mairie-outarville.fr\/?page_id=5483","title":{"rendered":"Plan Local communal d&rsquo;urbanisme"},"content":{"rendered":"<p><a href=\"http:\/\/www.mairie-outarville.fr\/wp-content\/uploads\/2021\/06\/01-Rapport-de-Pr\u00e9sentation_compressed-1.pdf\">01 &#8211; Rapport de Pr\u00e9sentation_compressed (1)<\/a><\/p>\n<p><a href=\"http:\/\/www.mairie-outarville.fr\/wp-content\/uploads\/2021\/06\/01a-P.A.D.D.-.pdf\">01a &#8211; P.A.D.D.<\/a><\/p>\n<p><a href=\"http:\/\/www.mairie-outarville.fr\/wp-content\/uploads\/2021\/06\/01b-Orientations-dam\u00e9nagements.pdf\">01b &#8211; Orientations d&rsquo;am\u00e9nagements<\/a><\/p>\n<p><a href=\"http:\/\/www.mairie-outarville.fr\/wp-content\/uploads\/2021\/06\/02-R\u00e8glement-.pdf\">02 &#8211; R\u00e8glement<\/a><\/p>\n<p><a href=\"http:\/\/www.mairie-outarville.fr\/wp-content\/uploads\/2021\/06\/03-Tableau-dassemblage-planche-3.pdf\">03 &#8211; Tableau d&rsquo;assemblage planche 3<\/a><\/p>\n<p><a href=\"http:\/\/www.mairie-outarville.fr\/wp-content\/uploads\/2021\/06\/04-Plan-de-zonage-le-bourg-planche-4.pdf\">04 &#8211; Plan de zonage le bourg planche 4<\/a><\/p>\n<p><a href=\"http:\/\/www.mairie-outarville.fr\/wp-content\/uploads\/2021\/06\/05-Plan-de-zonage-planche-5.pdf\">05 &#8211; Plan de zonage planche 5<\/a><\/p>\n<p><a href=\"http:\/\/www.mairie-outarville.fr\/wp-content\/uploads\/2021\/06\/06-Plan-de-zonage-feuille-6.pdf\">06 &#8211; Plan de zonage feuille 6<\/a><\/p>\n<p><a href=\"http:\/\/www.mairie-outarville.fr\/wp-content\/uploads\/2021\/06\/07-Plan-de-zonage-feuille-7.pdf\">07 &#8211; Plan de zonage feuille 7<\/a><\/p>\n<p><a href=\"http:\/\/www.mairie-outarville.fr\/wp-content\/uploads\/2021\/06\/08-Plan-de-zonage-feuille-8.pdf\">08 &#8211; Plan de zonage feuille 8<\/a><\/p>\n<p><a href=\"http:\/\/www.mairie-outarville.fr\/wp-content\/uploads\/2021\/06\/09-Annexe-EP-EU-EV.pdf\">09 &#8211; Annexe EP EU EV<\/a><\/p>\n<p><a href=\"http:\/\/www.mairie-outarville.fr\/wp-content\/uploads\/2021\/06\/10-Annexe-eau-potable-Outarville.pdf\">10 &#8211; Annexe eau potable Outarville<\/a><\/p>\n<p><a href=\"http:\/\/www.mairie-outarville.fr\/wp-content\/uploads\/2021\/06\/11-Annexes-eau-potable-hameaux.pdf\">11 &#8211; Annexes eau potable hameaux<\/a><\/p>\n<p><a href=\"http:\/\/www.mairie-outarville.fr\/wp-content\/uploads\/2021\/06\/12-Annexes-servitudes-publiques.pdf\">12 &#8211; Annexes servitudes publiques<\/a><\/p>\n<p><a href=\"http:\/\/www.mairie-outarville.fr\/wp-content\/uploads\/2021\/06\/13-El\u00e9ments-pasayge.pdf\">13 &#8211; El\u00e9ments pasayge<\/a><\/p>\n","protected":false},"excerpt":{"rendered":"<p>01 &#8211; Rapport de Pr\u00e9sentation_compressed (1) 01a &#8211; P.A.D.D. 01b &#8211; Orientations d&rsquo;am\u00e9nagements 02 &#8211; R\u00e8glement 03 &#8211; Tableau d&rsquo;assemblage planche 3 04 &#8211; Plan de zonage le bourg planche 4 05 &#8211; Plan de zonage planche 5 06 &#8211; Plan de zonage feuille 6 07 &#8211; Plan de zonage feuille 7 08 &#8211; Plan<\/p>\n","protected":false},"author":3,"featured_media":0,"parent":0,"menu_order":0,"comment_status":"open","ping_status":"open","template":"","meta":{"footnotes":""},"_links":{"self":[{"href":"http:\/\/www.mairie-outarville.fr\/index.php?rest_route=\/wp\/v2\/pages\/5483"}],"collection":[{"href":"http:\/\/www.mairie-outarville.fr\/index.php?rest_route=\/wp\/v2\/pages"}],"about":[{"href":"http:\/\/www.mairie-outarville.fr\/index.php?rest_route=\/wp\/v2\/types\/page"}],"author":[{"embeddable":true,"href":"http:\/\/www.mairie-outarville.fr\/index.php?rest_route=\/wp\/v2\/users\/3"}],"replies":[{"embeddable":true,"href":"http:\/\/www.mairie-outarville.fr\/index.php?rest_route=%2Fwp%2Fv2%2Fcomments&post=5483"}],"version-history":[{"count":4,"href":"http:\/\/www.mairie-outarville.fr\/index.php?rest_route=\/wp\/v2\/pages\/5483\/revisions"}],"predecessor-version":[{"id":5490,"href":"http:\/\/www.mairie-outarville.fr\/index.php?rest_route=\/wp\/v2\/pages\/5483\/revisions\/5490"}],"wp:attachment":[{"href":"http:\/\/www.mairie-outarville.fr\/index.php?rest_route=%2Fwp%2Fv2%2Fmedia&parent=5483"}],"curies":[{"name":"wp","href":"https:\/\/api.w.org\/{rel}","templated":true}]}}