{"id":4332,"date":"2020-06-15T09:25:49","date_gmt":"2020-06-15T07:25:49","guid":{"rendered":"http:\/\/www.mairie-outarville.fr\/?page_id=4332"},"modified":"2020-08-21T11:21:27","modified_gmt":"2020-08-21T09:21:27","slug":"quelques-coups-de-coeur","status":"publish","type":"page","link":"http:\/\/www.mairie-outarville.fr\/?page_id=4332","title":{"rendered":"QUELQUES COUPS DE C\u0152UR JEUNESSE !"},"content":{"rendered":"<p>&nbsp;<\/p>\n<p>&nbsp;<\/p>\n<p><a href=\"http:\/\/www.mairie-outarville.fr\/wp-content\/uploads\/2020\/06\/s\u00e9lection-jeunes_00011.jpg\"><img decoding=\"async\" loading=\"lazy\" class=\"alignleft size-large wp-image-4579\" src=\"http:\/\/www.mairie-outarville.fr\/wp-content\/uploads\/2020\/06\/s\u00e9lection-jeunes_00011-1024x575.jpg\" alt=\"s\u00e9lection jeunes_0001\" width=\"1024\" height=\"575\" srcset=\"http:\/\/www.mairie-outarville.fr\/wp-content\/uploads\/2020\/06\/s\u00e9lection-jeunes_00011-1024x575.jpg 1024w, http:\/\/www.mairie-outarville.fr\/wp-content\/uploads\/2020\/06\/s\u00e9lection-jeunes_00011-300x168.jpg 300w\" sizes=\"(max-width: 1024px) 100vw, 1024px\" \/><\/a> <a href=\"http:\/\/www.mairie-outarville.fr\/wp-content\/uploads\/2020\/06\/s\u00e9lection-jeunes_00021.jpg\"><img decoding=\"async\" loading=\"lazy\" class=\"alignleft size-large wp-image-4580\" src=\"http:\/\/www.mairie-outarville.fr\/wp-content\/uploads\/2020\/06\/s\u00e9lection-jeunes_00021-1024x575.jpg\" alt=\"s\u00e9lection jeunes_0002\" width=\"1024\" height=\"575\" srcset=\"http:\/\/www.mairie-outarville.fr\/wp-content\/uploads\/2020\/06\/s\u00e9lection-jeunes_00021-1024x575.jpg 1024w, http:\/\/www.mairie-outarville.fr\/wp-content\/uploads\/2020\/06\/s\u00e9lection-jeunes_00021-300x168.jpg 300w\" sizes=\"(max-width: 1024px) 100vw, 1024px\" \/><\/a> <a href=\"http:\/\/www.mairie-outarville.fr\/wp-content\/uploads\/2020\/06\/s\u00e9lection-jeunes_00031.jpg\"><img decoding=\"async\" loading=\"lazy\" class=\"alignleft size-large wp-image-4581\" src=\"http:\/\/www.mairie-outarville.fr\/wp-content\/uploads\/2020\/06\/s\u00e9lection-jeunes_00031-1024x575.jpg\" alt=\"s\u00e9lection jeunes_0003\" width=\"1024\" height=\"575\" srcset=\"http:\/\/www.mairie-outarville.fr\/wp-content\/uploads\/2020\/06\/s\u00e9lection-jeunes_00031-1024x575.jpg 1024w, http:\/\/www.mairie-outarville.fr\/wp-content\/uploads\/2020\/06\/s\u00e9lection-jeunes_00031-300x168.jpg 300w\" sizes=\"(max-width: 1024px) 100vw, 1024px\" \/><\/a> <a href=\"http:\/\/www.mairie-outarville.fr\/wp-content\/uploads\/2020\/06\/s\u00e9lection-jeunes_00041.jpg\"><img decoding=\"async\" loading=\"lazy\" class=\"alignleft size-large wp-image-4582\" src=\"http:\/\/www.mairie-outarville.fr\/wp-content\/uploads\/2020\/06\/s\u00e9lection-jeunes_00041-1024x575.jpg\" alt=\"s\u00e9lection jeunes_0004\" width=\"1024\" height=\"575\" srcset=\"http:\/\/www.mairie-outarville.fr\/wp-content\/uploads\/2020\/06\/s\u00e9lection-jeunes_00041-1024x575.jpg 1024w, http:\/\/www.mairie-outarville.fr\/wp-content\/uploads\/2020\/06\/s\u00e9lection-jeunes_00041-300x168.jpg 300w\" sizes=\"(max-width: 1024px) 100vw, 1024px\" \/><\/a> <a href=\"http:\/\/www.mairie-outarville.fr\/wp-content\/uploads\/2020\/06\/s\u00e9lection-jeunes_00051.jpg\"><img decoding=\"async\" loading=\"lazy\" class=\"alignleft size-large wp-image-4583\" src=\"http:\/\/www.mairie-outarville.fr\/wp-content\/uploads\/2020\/06\/s\u00e9lection-jeunes_00051-1024x575.jpg\" alt=\"s\u00e9lection jeunes_0005\" width=\"1024\" height=\"575\" srcset=\"http:\/\/www.mairie-outarville.fr\/wp-content\/uploads\/2020\/06\/s\u00e9lection-jeunes_00051-1024x575.jpg 1024w, http:\/\/www.mairie-outarville.fr\/wp-content\/uploads\/2020\/06\/s\u00e9lection-jeunes_00051-300x168.jpg 300w\" sizes=\"(max-width: 1024px) 100vw, 1024px\" \/><\/a> <a href=\"http:\/\/www.mairie-outarville.fr\/wp-content\/uploads\/2020\/06\/s\u00e9lection-jeunes_00061.jpg\"><img decoding=\"async\" loading=\"lazy\" class=\"alignleft size-large wp-image-4584\" src=\"http:\/\/www.mairie-outarville.fr\/wp-content\/uploads\/2020\/06\/s\u00e9lection-jeunes_00061-1024x575.jpg\" alt=\"s\u00e9lection jeunes_0006\" width=\"1024\" height=\"575\" srcset=\"http:\/\/www.mairie-outarville.fr\/wp-content\/uploads\/2020\/06\/s\u00e9lection-jeunes_00061-1024x575.jpg 1024w, http:\/\/www.mairie-outarville.fr\/wp-content\/uploads\/2020\/06\/s\u00e9lection-jeunes_00061-300x168.jpg 300w\" sizes=\"(max-width: 1024px) 100vw, 1024px\" \/><\/a> <a href=\"http:\/\/www.mairie-outarville.fr\/wp-content\/uploads\/2020\/06\/s\u00e9lection-jeunes_00071.jpg\"><img decoding=\"async\" loading=\"lazy\" class=\"alignleft size-large wp-image-4585\" src=\"http:\/\/www.mairie-outarville.fr\/wp-content\/uploads\/2020\/06\/s\u00e9lection-jeunes_00071-1024x575.jpg\" alt=\"s\u00e9lection jeunes_0007\" width=\"1024\" height=\"575\" srcset=\"http:\/\/www.mairie-outarville.fr\/wp-content\/uploads\/2020\/06\/s\u00e9lection-jeunes_00071-1024x575.jpg 1024w, http:\/\/www.mairie-outarville.fr\/wp-content\/uploads\/2020\/06\/s\u00e9lection-jeunes_00071-300x168.jpg 300w\" sizes=\"(max-width: 1024px) 100vw, 1024px\" \/><\/a> <a href=\"http:\/\/www.mairie-outarville.fr\/wp-content\/uploads\/2020\/06\/s\u00e9lection-jeunes_00081.jpg\"><img decoding=\"async\" loading=\"lazy\" class=\"alignleft size-large wp-image-4586\" src=\"http:\/\/www.mairie-outarville.fr\/wp-content\/uploads\/2020\/06\/s\u00e9lection-jeunes_00081-1024x575.jpg\" alt=\"s\u00e9lection jeunes_0008\" width=\"1024\" height=\"575\" srcset=\"http:\/\/www.mairie-outarville.fr\/wp-content\/uploads\/2020\/06\/s\u00e9lection-jeunes_00081-1024x575.jpg 1024w, http:\/\/www.mairie-outarville.fr\/wp-content\/uploads\/2020\/06\/s\u00e9lection-jeunes_00081-300x168.jpg 300w\" sizes=\"(max-width: 1024px) 100vw, 1024px\" \/><\/a><\/p>\n<p>&nbsp;<\/p>\n<p><strong><em>S<\/em><\/strong><strong><em>\u00e9lection pr\u00e9c\u00e9dente<\/em><\/strong><\/p>\n<p><a href=\"http:\/\/www.mairie-outarville.fr\/wp-content\/uploads\/2020\/06\/Diapositive12.jpg\"><img decoding=\"async\" loading=\"lazy\" class=\"alignleft size-full wp-image-4415\" src=\"http:\/\/www.mairie-outarville.fr\/wp-content\/uploads\/2020\/06\/Diapositive12.jpg\" alt=\"Diapositive1\" width=\"960\" height=\"540\" srcset=\"http:\/\/www.mairie-outarville.fr\/wp-content\/uploads\/2020\/06\/Diapositive12.jpg 960w, http:\/\/www.mairie-outarville.fr\/wp-content\/uploads\/2020\/06\/Diapositive12-300x168.jpg 300w\" sizes=\"(max-width: 960px) 100vw, 960px\" \/><\/a><\/p>\n<p>&nbsp;<\/p>\n<p>&nbsp;<\/p>\n<p>&nbsp;<\/p>\n<p><a href=\"http:\/\/www.mairie-outarville.fr\/wp-content\/uploads\/2020\/06\/Diapositive22.jpg\"><img decoding=\"async\" loading=\"lazy\" class=\"alignleft size-large wp-image-4416\" src=\"http:\/\/www.mairie-outarville.fr\/wp-content\/uploads\/2020\/06\/Diapositive22.jpg\" alt=\"Diapositive2\" width=\"960\" height=\"540\" srcset=\"http:\/\/www.mairie-outarville.fr\/wp-content\/uploads\/2020\/06\/Diapositive22.jpg 960w, http:\/\/www.mairie-outarville.fr\/wp-content\/uploads\/2020\/06\/Diapositive22-300x168.jpg 300w\" sizes=\"(max-width: 960px) 100vw, 960px\" \/><\/a><a href=\"http:\/\/www.mairie-outarville.fr\/wp-content\/uploads\/2020\/06\/Diapositive32.jpg\"><img decoding=\"async\" loading=\"lazy\" class=\"alignleft size-large wp-image-4417\" src=\"http:\/\/www.mairie-outarville.fr\/wp-content\/uploads\/2020\/06\/Diapositive32.jpg\" alt=\"Diapositive3\" width=\"960\" height=\"540\" srcset=\"http:\/\/www.mairie-outarville.fr\/wp-content\/uploads\/2020\/06\/Diapositive32.jpg 960w, http:\/\/www.mairie-outarville.fr\/wp-content\/uploads\/2020\/06\/Diapositive32-300x168.jpg 300w\" sizes=\"(max-width: 960px) 100vw, 960px\" \/><\/a><a href=\"http:\/\/www.mairie-outarville.fr\/wp-content\/uploads\/2020\/06\/Diapositive41.jpg\"><img decoding=\"async\" loading=\"lazy\" class=\"alignleft size-large wp-image-4418\" src=\"http:\/\/www.mairie-outarville.fr\/wp-content\/uploads\/2020\/06\/Diapositive41.jpg\" alt=\"Diapositive4\" width=\"960\" height=\"540\" srcset=\"http:\/\/www.mairie-outarville.fr\/wp-content\/uploads\/2020\/06\/Diapositive41.jpg 960w, http:\/\/www.mairie-outarville.fr\/wp-content\/uploads\/2020\/06\/Diapositive41-300x168.jpg 300w\" sizes=\"(max-width: 960px) 100vw, 960px\" \/><\/a><a href=\"http:\/\/www.mairie-outarville.fr\/wp-content\/uploads\/2020\/06\/Diapositive5.jpg\"><img decoding=\"async\" loading=\"lazy\" class=\"alignleft size-large wp-image-4419\" src=\"http:\/\/www.mairie-outarville.fr\/wp-content\/uploads\/2020\/06\/Diapositive5.jpg\" alt=\"Diapositive5\" width=\"960\" height=\"540\" srcset=\"http:\/\/www.mairie-outarville.fr\/wp-content\/uploads\/2020\/06\/Diapositive5.jpg 960w, http:\/\/www.mairie-outarville.fr\/wp-content\/uploads\/2020\/06\/Diapositive5-300x168.jpg 300w\" sizes=\"(max-width: 960px) 100vw, 960px\" \/><\/a><a href=\"http:\/\/www.mairie-outarville.fr\/wp-content\/uploads\/2020\/06\/Diapositive6.jpg\"><img decoding=\"async\" loading=\"lazy\" class=\"alignleft size-large wp-image-4420\" src=\"http:\/\/www.mairie-outarville.fr\/wp-content\/uploads\/2020\/06\/Diapositive6.jpg\" alt=\"Diapositive6\" width=\"960\" height=\"540\" srcset=\"http:\/\/www.mairie-outarville.fr\/wp-content\/uploads\/2020\/06\/Diapositive6.jpg 960w, http:\/\/www.mairie-outarville.fr\/wp-content\/uploads\/2020\/06\/Diapositive6-300x168.jpg 300w\" sizes=\"(max-width: 960px) 100vw, 960px\" \/><\/a><a href=\"http:\/\/www.mairie-outarville.fr\/wp-content\/uploads\/2020\/06\/Diapositive7.jpg\"><img decoding=\"async\" loading=\"lazy\" class=\"alignleft size-large wp-image-4421\" src=\"http:\/\/www.mairie-outarville.fr\/wp-content\/uploads\/2020\/06\/Diapositive7.jpg\" alt=\"Diapositive7\" width=\"960\" height=\"540\" srcset=\"http:\/\/www.mairie-outarville.fr\/wp-content\/uploads\/2020\/06\/Diapositive7.jpg 960w, http:\/\/www.mairie-outarville.fr\/wp-content\/uploads\/2020\/06\/Diapositive7-300x168.jpg 300w\" sizes=\"(max-width: 960px) 100vw, 960px\" \/><\/a><a href=\"http:\/\/www.mairie-outarville.fr\/wp-content\/uploads\/2020\/06\/Diapositive8.jpg\"><img decoding=\"async\" loading=\"lazy\" class=\"alignleft size-large wp-image-4422\" src=\"http:\/\/www.mairie-outarville.fr\/wp-content\/uploads\/2020\/06\/Diapositive8.jpg\" alt=\"Diapositive8\" width=\"960\" height=\"540\" srcset=\"http:\/\/www.mairie-outarville.fr\/wp-content\/uploads\/2020\/06\/Diapositive8.jpg 960w, http:\/\/www.mairie-outarville.fr\/wp-content\/uploads\/2020\/06\/Diapositive8-300x168.jpg 300w\" sizes=\"(max-width: 960px) 100vw, 960px\" \/><\/a><a href=\"http:\/\/www.mairie-outarville.fr\/wp-content\/uploads\/2020\/06\/Diapositive9.jpg\"><img decoding=\"async\" loading=\"lazy\" class=\"alignleft size-large wp-image-4423\" src=\"http:\/\/www.mairie-outarville.fr\/wp-content\/uploads\/2020\/06\/Diapositive9.jpg\" alt=\"Diapositive9\" width=\"960\" height=\"540\" srcset=\"http:\/\/www.mairie-outarville.fr\/wp-content\/uploads\/2020\/06\/Diapositive9.jpg 960w, http:\/\/www.mairie-outarville.fr\/wp-content\/uploads\/2020\/06\/Diapositive9-300x168.jpg 300w\" sizes=\"(max-width: 960px) 100vw, 960px\" \/><\/a><a href=\"http:\/\/www.mairie-outarville.fr\/wp-content\/uploads\/2020\/06\/Diapositive10.jpg\"><img decoding=\"async\" loading=\"lazy\" class=\"alignleft size-large wp-image-4424\" src=\"http:\/\/www.mairie-outarville.fr\/wp-content\/uploads\/2020\/06\/Diapositive10.jpg\" alt=\"Diapositive10\" width=\"960\" height=\"540\" srcset=\"http:\/\/www.mairie-outarville.fr\/wp-content\/uploads\/2020\/06\/Diapositive10.jpg 960w, http:\/\/www.mairie-outarville.fr\/wp-content\/uploads\/2020\/06\/Diapositive10-300x168.jpg 300w\" sizes=\"(max-width: 960px) 100vw, 960px\" \/><\/a><a href=\"http:\/\/www.mairie-outarville.fr\/wp-content\/uploads\/2020\/06\/Diapositive111.jpg\"><img decoding=\"async\" loading=\"lazy\" class=\"alignleft size-large wp-image-4425\" src=\"http:\/\/www.mairie-outarville.fr\/wp-content\/uploads\/2020\/06\/Diapositive111.jpg\" alt=\"Diapositive11\" width=\"960\" height=\"540\" srcset=\"http:\/\/www.mairie-outarville.fr\/wp-content\/uploads\/2020\/06\/Diapositive111.jpg 960w, http:\/\/www.mairie-outarville.fr\/wp-content\/uploads\/2020\/06\/Diapositive111-300x168.jpg 300w\" sizes=\"(max-width: 960px) 100vw, 960px\" \/><\/a><\/p>\n","protected":false},"excerpt":{"rendered":"<p>&nbsp; &nbsp; &nbsp; S\u00e9lection pr\u00e9c\u00e9dente &nbsp; &nbsp; &nbsp;<\/p>\n","protected":false},"author":3,"featured_media":0,"parent":0,"menu_order":0,"comment_status":"closed","ping_status":"closed","template":"","meta":{"footnotes":""},"_links":{"self":[{"href":"http:\/\/www.mairie-outarville.fr\/index.php?rest_route=\/wp\/v2\/pages\/4332"}],"collection":[{"href":"http:\/\/www.mairie-outarville.fr\/index.php?rest_route=\/wp\/v2\/pages"}],"about":[{"href":"http:\/\/www.mairie-outarville.fr\/index.php?rest_route=\/wp\/v2\/types\/page"}],"author":[{"embeddable":true,"href":"http:\/\/www.mairie-outarville.fr\/index.php?rest_route=\/wp\/v2\/users\/3"}],"replies":[{"embeddable":true,"href":"http:\/\/www.mairie-outarville.fr\/index.php?rest_route=%2Fwp%2Fv2%2Fcomments&post=4332"}],"version-history":[{"count":17,"href":"http:\/\/www.mairie-outarville.fr\/index.php?rest_route=\/wp\/v2\/pages\/4332\/revisions"}],"predecessor-version":[{"id":4588,"href":"http:\/\/www.mairie-outarville.fr\/index.php?rest_route=\/wp\/v2\/pages\/4332\/revisions\/4588"}],"wp:attachment":[{"href":"http:\/\/www.mairie-outarville.fr\/index.php?rest_route=%2Fwp%2Fv2%2Fmedia&parent=4332"}],"curies":[{"name":"wp","href":"https:\/\/api.w.org\/{rel}","templated":true}]}}