{"id":429,"date":"2014-07-17T16:44:03","date_gmt":"2014-07-17T14:44:03","guid":{"rendered":"http:\/\/www.mairie-outarville.fr\/?page_id=429"},"modified":"2014-08-14T15:09:44","modified_gmt":"2014-08-14T13:09:44","slug":"transport-a-la-demande-ulys","status":"publish","type":"page","link":"http:\/\/www.mairie-outarville.fr\/?page_id=429","title":{"rendered":"Transport \u00e0 la demande Ulys"},"content":{"rendered":"<p><strong><span style=\"color: #0000ff;\">Ulys \u00e0 la demande c&rsquo;est&#8230;<\/span><\/strong><br \/>\n&#8211; Deux offres, Canton et Proximit\u00e9, pour de multiples possibilit\u00e9s de dessertes.<br \/>\n&#8211; Des horaires coordonn\u00e9es avec le r\u00e9seau Ulys pour vos correspondances.<br \/>\n&#8211; La possibilit\u00e9 d&rsquo;effectuer un aller-retour quotidien vers l&rsquo;une des villes proche de chez vous.<br \/>\n&#8211; Des minibus, des navettes, ou des cars confortables et bien \u00e9quip\u00e9s.<br \/>\n&#8211; Un service simple et accessible \u00e0 tous, notamment aux personnes \u00e0 mobilit\u00e9 r\u00e9duite.<\/p>\n<p><strong><span style=\"color: #0000ff;\">Horaires et r\u00e9servations au N\u00b0 Vert 0 800 00 45 00<\/span><\/strong><\/p>\n<p><a title=\"Transport \u00e0 la demande\" href=\"http:\/\/www.ulys-loiret.com\/Rub_66\/Lignes-regulieres\/Ulys-a-la-Demande.html\" target=\"_blank\">http:\/\/www.ulys-loiret.com\/Rub_66\/Lignes-regulieres\/Ulys-a-la-Demande.html<\/a><\/p>\n<p>[wpdm_file id=16]<\/p>\n","protected":false},"excerpt":{"rendered":"<p>Ulys \u00e0 la demande c&rsquo;est&#8230; &#8211; Deux offres, Canton et Proximit\u00e9, pour de multiples possibilit\u00e9s de dessertes. &#8211; Des horaires coordonn\u00e9es avec le r\u00e9seau Ulys pour vos correspondances. &#8211; La possibilit\u00e9 d&rsquo;effectuer un aller-retour quotidien vers l&rsquo;une des villes proche de chez vous. &#8211; Des minibus, des navettes, ou des cars confortables et bien \u00e9quip\u00e9s.<\/p>\n","protected":false},"author":3,"featured_media":0,"parent":0,"menu_order":0,"comment_status":"closed","ping_status":"closed","template":"","meta":{"footnotes":""},"_links":{"self":[{"href":"http:\/\/www.mairie-outarville.fr\/index.php?rest_route=\/wp\/v2\/pages\/429"}],"collection":[{"href":"http:\/\/www.mairie-outarville.fr\/index.php?rest_route=\/wp\/v2\/pages"}],"about":[{"href":"http:\/\/www.mairie-outarville.fr\/index.php?rest_route=\/wp\/v2\/types\/page"}],"author":[{"embeddable":true,"href":"http:\/\/www.mairie-outarville.fr\/index.php?rest_route=\/wp\/v2\/users\/3"}],"replies":[{"embeddable":true,"href":"http:\/\/www.mairie-outarville.fr\/index.php?rest_route=%2Fwp%2Fv2%2Fcomments&post=429"}],"version-history":[{"count":5,"href":"http:\/\/www.mairie-outarville.fr\/index.php?rest_route=\/wp\/v2\/pages\/429\/revisions"}],"predecessor-version":[{"id":803,"href":"http:\/\/www.mairie-outarville.fr\/index.php?rest_route=\/wp\/v2\/pages\/429\/revisions\/803"}],"wp:attachment":[{"href":"http:\/\/www.mairie-outarville.fr\/index.php?rest_route=%2Fwp%2Fv2%2Fmedia&parent=429"}],"curies":[{"name":"wp","href":"https:\/\/api.w.org\/{rel}","templated":true}]}}