{"id":4238,"date":"2020-05-29T15:54:53","date_gmt":"2020-05-29T13:54:53","guid":{"rendered":"http:\/\/www.mairie-outarville.fr\/?page_id=4238"},"modified":"2020-06-02T16:25:39","modified_gmt":"2020-06-02T14:25:39","slug":"election-du-maire-adjoints-maires-delegues","status":"publish","type":"page","link":"http:\/\/www.mairie-outarville.fr\/?page_id=4238","title":{"rendered":"Election du Maire-Adjoints- Maires d\u00e9l\u00e9gu\u00e9s"},"content":{"rendered":"<p><a href=\"http:\/\/www.mairie-outarville.fr\/wp-content\/uploads\/2020\/05\/DSCN2368-1.png\"><img decoding=\"async\" loading=\"lazy\" class=\"alignleft size-large wp-image-4250\" src=\"http:\/\/www.mairie-outarville.fr\/wp-content\/uploads\/2020\/05\/DSCN2368-1-1024x768.png\" alt=\"DSCN2368 (1)\" width=\"1024\" height=\"768\" srcset=\"http:\/\/www.mairie-outarville.fr\/wp-content\/uploads\/2020\/05\/DSCN2368-1-1024x768.png 1024w, http:\/\/www.mairie-outarville.fr\/wp-content\/uploads\/2020\/05\/DSCN2368-1-300x225.png 300w, http:\/\/www.mairie-outarville.fr\/wp-content\/uploads\/2020\/05\/DSCN2368-1.png 1600w\" sizes=\"(max-width: 1024px) 100vw, 1024px\" \/><\/a><a href=\"http:\/\/www.mairie-outarville.fr\/wp-content\/uploads\/2020\/05\/RESULTATS-DES-ELECTIONS-DU_0001.jpg\"><img decoding=\"async\" loading=\"lazy\" class=\"alignleft size-large wp-image-4220\" src=\"http:\/\/www.mairie-outarville.fr\/wp-content\/uploads\/2020\/05\/RESULTATS-DES-ELECTIONS-DU_0001-724x1024.jpg\" alt=\"RESULTATS DES ELECTIONS DU_0001\" width=\"724\" height=\"1024\" srcset=\"http:\/\/www.mairie-outarville.fr\/wp-content\/uploads\/2020\/05\/RESULTATS-DES-ELECTIONS-DU_0001-724x1024.jpg 724w, http:\/\/www.mairie-outarville.fr\/wp-content\/uploads\/2020\/05\/RESULTATS-DES-ELECTIONS-DU_0001-212x300.jpg 212w, http:\/\/www.mairie-outarville.fr\/wp-content\/uploads\/2020\/05\/RESULTATS-DES-ELECTIONS-DU_0001.jpg 1654w\" sizes=\"(max-width: 724px) 100vw, 724px\" \/><\/a><a href=\"http:\/\/www.mairie-outarville.fr\/wp-content\/uploads\/2020\/05\/RESULTATS-DES-ELECTIONS-DU_0002.jpg\"><img decoding=\"async\" loading=\"lazy\" class=\"alignleft size-large wp-image-4218\" src=\"http:\/\/www.mairie-outarville.fr\/wp-content\/uploads\/2020\/05\/RESULTATS-DES-ELECTIONS-DU_0002-724x1024.jpg\" alt=\"RESULTATS DES ELECTIONS DU_0002\" width=\"724\" height=\"1024\" srcset=\"http:\/\/www.mairie-outarville.fr\/wp-content\/uploads\/2020\/05\/RESULTATS-DES-ELECTIONS-DU_0002-724x1024.jpg 724w, http:\/\/www.mairie-outarville.fr\/wp-content\/uploads\/2020\/05\/RESULTATS-DES-ELECTIONS-DU_0002-212x300.jpg 212w, http:\/\/www.mairie-outarville.fr\/wp-content\/uploads\/2020\/05\/RESULTATS-DES-ELECTIONS-DU_0002.jpg 1654w\" sizes=\"(max-width: 724px) 100vw, 724px\" \/><\/a><\/p>\n","protected":false},"excerpt":{"rendered":"","protected":false},"author":3,"featured_media":0,"parent":0,"menu_order":0,"comment_status":"closed","ping_status":"closed","template":"","meta":{"footnotes":""},"_links":{"self":[{"href":"http:\/\/www.mairie-outarville.fr\/index.php?rest_route=\/wp\/v2\/pages\/4238"}],"collection":[{"href":"http:\/\/www.mairie-outarville.fr\/index.php?rest_route=\/wp\/v2\/pages"}],"about":[{"href":"http:\/\/www.mairie-outarville.fr\/index.php?rest_route=\/wp\/v2\/types\/page"}],"author":[{"embeddable":true,"href":"http:\/\/www.mairie-outarville.fr\/index.php?rest_route=\/wp\/v2\/users\/3"}],"replies":[{"embeddable":true,"href":"http:\/\/www.mairie-outarville.fr\/index.php?rest_route=%2Fwp%2Fv2%2Fcomments&post=4238"}],"version-history":[{"count":5,"href":"http:\/\/www.mairie-outarville.fr\/index.php?rest_route=\/wp\/v2\/pages\/4238\/revisions"}],"predecessor-version":[{"id":4251,"href":"http:\/\/www.mairie-outarville.fr\/index.php?rest_route=\/wp\/v2\/pages\/4238\/revisions\/4251"}],"wp:attachment":[{"href":"http:\/\/www.mairie-outarville.fr\/index.php?rest_route=%2Fwp%2Fv2%2Fmedia&parent=4238"}],"curies":[{"name":"wp","href":"https:\/\/api.w.org\/{rel}","templated":true}]}}