{"id":409,"date":"2014-07-06T20:27:33","date_gmt":"2014-07-06T18:27:33","guid":{"rendered":"http:\/\/www.mairie-outarville.fr\/?page_id=409"},"modified":"2015-01-02T01:16:29","modified_gmt":"2015-01-02T00:16:29","slug":"teillay-le-gaudin","status":"publish","type":"page","link":"http:\/\/www.mairie-outarville.fr\/?page_id=409","title":{"rendered":"Teillay-le-Gaudin"},"content":{"rendered":"<p>Teillay-le-Gaudin est constitu\u00e9\u00a0du bourg , d&rsquo;un hameau (Germonville), d&rsquo;une ferme (Brandelon) et d&rsquo;un lieu-dit (Le Luteau).<\/p>\n<p>Le bourg est constitu\u00e9 de maisons et d&rsquo;anciennes fermes regroup\u00e9es de mani\u00e8re concentrique autours de l&rsquo;\u00e9glise (et autrefois du cimeti\u00e8re). Ce qui est aujourd&rsquo;hui la grande place \u00e9tait jusqu&rsquo;\u00e0 la R\u00e9volution un presbyt\u00e8re et un cimeti\u00e8re. A la fin du XIX\u00e8me si\u00e8cle, une mairie, une \u00e9cole ainsi qu&rsquo;un logement d&rsquo;instituteur ont \u00e9t\u00e9 construits sur cette place; r\u00e9duisant ainsi sa taille. La dite place prend sa forme actuelle apr\u00e8s qu&rsquo;en 1909\u00a0le ch\u00e2teau d&rsquo;eau soit\u00a0construit ; puis que dans les ann\u00e9es 50-60, des b\u00e2timents communaux sont \u00e9difi\u00e9s pr\u00e8s de l&rsquo;\u00e9cole.<\/p>\n<div id=\"attachment_1036\" style=\"width: 235px\" class=\"wp-caption aligncenter\"><a href=\"http:\/\/www.mairie-outarville.fr\/wp-content\/uploads\/2014\/07\/IMG_75031-e1420157448197.jpg\"><img aria-describedby=\"caption-attachment-1036\" decoding=\"async\" loading=\"lazy\" class=\"wp-image-1036 size-medium\" src=\"http:\/\/www.mairie-outarville.fr\/wp-content\/uploads\/2014\/07\/IMG_75031-e1420157448197-225x300.jpg\" alt=\"Ch\u00e2teau d'eau\" width=\"225\" height=\"300\" srcset=\"http:\/\/www.mairie-outarville.fr\/wp-content\/uploads\/2014\/07\/IMG_75031-e1420157448197-225x300.jpg 225w, http:\/\/www.mairie-outarville.fr\/wp-content\/uploads\/2014\/07\/IMG_75031-e1420157448197-768x1024.jpg 768w, http:\/\/www.mairie-outarville.fr\/wp-content\/uploads\/2014\/07\/IMG_75031-e1420157448197.jpg 1944w\" sizes=\"(max-width: 225px) 100vw, 225px\" \/><\/a><p id=\"caption-attachment-1036\" class=\"wp-caption-text\">Ch\u00e2teau d&rsquo;eau<\/p><\/div>\n<p>L&rsquo;\u00e9glise (d\u00e9di\u00e9e \u00e0 Saint Aignan) date du XVI\u00e8me et XVII\u00e8me si\u00e8cle. Il se pourrait que l&rsquo;\u00e9glise actuelle soit n\u00e9e d&rsquo;une transformation d&rsquo;un \u00e9difice plus ancien puisque les murs nord et sud poss\u00e8dent en haut des modillons pouvant dater des XII\u00e8me et XIII\u00e8me si\u00e8cles.Elle a \u00e9t\u00e9\u00a0restaur\u00e9e en 1854 par Eug\u00e8ne Methviers, cur\u00e9 de la paroisse.<\/p>\n<p>&nbsp;<\/p>\n<div id=\"attachment_1035\" style=\"width: 310px\" class=\"wp-caption aligncenter\"><a href=\"http:\/\/www.mairie-outarville.fr\/wp-content\/uploads\/2014\/07\/IMG_7508.jpg\"><img aria-describedby=\"caption-attachment-1035\" decoding=\"async\" loading=\"lazy\" class=\"size-medium wp-image-1035\" src=\"http:\/\/www.mairie-outarville.fr\/wp-content\/uploads\/2014\/07\/IMG_7508-300x225.jpg\" alt=\"Eglise de Teillay\" width=\"300\" height=\"225\" srcset=\"http:\/\/www.mairie-outarville.fr\/wp-content\/uploads\/2014\/07\/IMG_7508-300x225.jpg 300w, http:\/\/www.mairie-outarville.fr\/wp-content\/uploads\/2014\/07\/IMG_7508-1024x768.jpg 1024w\" sizes=\"(max-width: 300px) 100vw, 300px\" \/><\/a><p id=\"caption-attachment-1035\" class=\"wp-caption-text\">Eglise de Teillay<\/p><\/div>\n<p>A noter que Gemonville poss\u00e8de \u00e9galement une chapelle.<\/p>\n<p><b><br \/>\n<\/b> Teillay-le-Gaudin vient de <em>Tillegum Gaudini<\/em> (terre d&rsquo;un chevalier beauceron donn\u00e9e par Henri VI, roi de France et d&rsquo;Angleterre en 1425) ou de Tilleyum Gaudini.<br \/>\nTilletum : lieu plant\u00e9 de tilleuls<br \/>\nGaudin : vient de \u00ab\u00a0grand\u00a0\u00bb nom de personne<br \/>\n<strong>Germonville<\/strong> vient de <em>Germundi villa<\/em> (domaine de Germond).<br \/>\n<strong>Brandelon<\/strong> vient de brande (sorte de bruy\u00e8re, genets, ajoncs)<br \/>\n<strong>Luteau<\/strong> peut \u00eatre rapproch\u00e9 d&rsquo;un nom de personne : \u00ab\u00a0lutaud\u00a0\u00bb d&rsquo;origine germanique ou de l&rsquo;ancien fran\u00e7ais \u00ab\u00a0lut\u00a0\u00bb (terre \u00e0 potier).<\/p>\n<p>Particularit\u00e9 du hameau de Germonville : ce dernier est coup\u00e9 en 2 parties, l\u2019une situ\u00e9e sur le Loiret, l\u2019autre situ\u00e9e en Eure et Loir. Curieusement les habitations se situant g\u00e9ographiquement du cot\u00e9 Loiret, sont en Eure et Loir, et inversement.<\/p>\n<p><span style=\"color: #0000ff;\"><b><span style=\"text-decoration: underline;\">\u00a0<\/span><\/b><\/span><\/p>\n","protected":false},"excerpt":{"rendered":"<p>Teillay-le-Gaudin est constitu\u00e9\u00a0du bourg , d&rsquo;un hameau (Germonville), d&rsquo;une ferme (Brandelon) et d&rsquo;un lieu-dit (Le Luteau). Le bourg est constitu\u00e9 de maisons et d&rsquo;anciennes fermes regroup\u00e9es de mani\u00e8re concentrique autours de l&rsquo;\u00e9glise (et autrefois du cimeti\u00e8re). Ce qui est aujourd&rsquo;hui la grande place \u00e9tait jusqu&rsquo;\u00e0 la R\u00e9volution un presbyt\u00e8re et un cimeti\u00e8re. A la fin<\/p>\n","protected":false},"author":3,"featured_media":0,"parent":0,"menu_order":0,"comment_status":"closed","ping_status":"closed","template":"","meta":{"footnotes":""},"_links":{"self":[{"href":"http:\/\/www.mairie-outarville.fr\/index.php?rest_route=\/wp\/v2\/pages\/409"}],"collection":[{"href":"http:\/\/www.mairie-outarville.fr\/index.php?rest_route=\/wp\/v2\/pages"}],"about":[{"href":"http:\/\/www.mairie-outarville.fr\/index.php?rest_route=\/wp\/v2\/types\/page"}],"author":[{"embeddable":true,"href":"http:\/\/www.mairie-outarville.fr\/index.php?rest_route=\/wp\/v2\/users\/3"}],"replies":[{"embeddable":true,"href":"http:\/\/www.mairie-outarville.fr\/index.php?rest_route=%2Fwp%2Fv2%2Fcomments&post=409"}],"version-history":[{"count":16,"href":"http:\/\/www.mairie-outarville.fr\/index.php?rest_route=\/wp\/v2\/pages\/409\/revisions"}],"predecessor-version":[{"id":1039,"href":"http:\/\/www.mairie-outarville.fr\/index.php?rest_route=\/wp\/v2\/pages\/409\/revisions\/1039"}],"wp:attachment":[{"href":"http:\/\/www.mairie-outarville.fr\/index.php?rest_route=%2Fwp%2Fv2%2Fmedia&parent=409"}],"curies":[{"name":"wp","href":"https:\/\/api.w.org\/{rel}","templated":true}]}}