{"id":401,"date":"2014-07-06T20:26:32","date_gmt":"2014-07-06T18:26:32","guid":{"rendered":"http:\/\/www.mairie-outarville.fr\/?page_id=401"},"modified":"2015-01-04T23:29:21","modified_gmt":"2015-01-04T22:29:21","slug":"outarville","status":"publish","type":"page","link":"http:\/\/www.mairie-outarville.fr\/?page_id=401","title":{"rendered":"Outarville"},"content":{"rendered":"<p><strong><span style=\"color: #0000ff;\">Habitant :<\/span> <span style=\"color: #ffcc00;\">outarvillois\/outarvilloise<\/span><\/strong><\/p>\n<p>&nbsp;<\/p>\n<p>Des indices laissent \u00e0 penser que le territoire d&rsquo;Outarville a \u00e9t\u00e9 occup\u00e9 d\u00e8s la pr\u00e9histoire : d\u00e9couverte en 1953 au lieu-dit \u00ab\u00a0la Fontaine\u00a0\u00bb d&rsquo;un st\u00e8le fun\u00e9raire (ou statue menhir) d&rsquo;1,30 m\u00e8tres de long; d\u00e9couverte en 1954 d&rsquo;une meule n\u00e9olithique et d&rsquo;une s\u00e9pulture gauloise. Saint-P\u00e9ravy Epreux \u00e9taient \u00e9galement occup\u00e9 \u00e0 cette \u00e9poque puisque des monnaies gauloises, une meule et une cl\u00e9 en bronze y ont \u00e9t\u00e9 d\u00e9couverts. Acquebouille et Pointville ont fait \u00e9galement l&rsquo;objet de d\u00e9couvertes (f\u00fbt de colonne en calcaire \u00e0 Acquebouille, un tr\u00e9sor mon\u00e9taire constitu\u00e9 d&rsquo;un pot de gr\u00e8s contenant 3891 petits bronzes pr\u00e8s de la ferme de Pointville).<\/p>\n<p>&nbsp;<\/p>\n<p>A l&rsquo;origine, Outarville n&rsquo;\u00e9tait probablement qu&rsquo;une simple exploitation rurale gallo-romaine : \u00ab\u00a0Ottardi Villa\u00a0\u00bb.<\/p>\n<p>&nbsp;<\/p>\n<p>La seigneurie d&rsquo;Outarville s&rsquo;est constitu\u00e9e en 1320. Elle appartenait alors \u00e0 Jean Ier le Vannier qui fit construire un manoir appel\u00e9 \u00ab\u00a0Ch\u00e2teau\u00a0\u00bb. 220 ans plus tard, la famille de Fr\u00e9tard pris possession de cette seigneurie et restructura le village et l&rsquo;\u00e9glise \u00e0 compter de 1609.<\/p>\n<p>&nbsp;<\/p>\n<p>Le village conserve aujourd&rsquo;hui quelques \u00e9l\u00e9ments d&rsquo;architecture remarquable des XVIII\u00e8me et XIX\u00e8me si\u00e8cles : La \u00ab\u00a0Grisolli\u00e8re\u00a0\u00bb en face de la Poste, deux tr\u00e8s grosses fermes (l&rsquo;une au n\u00b025 grande rue et l&rsquo;autre rue des archives).<\/p>\n<p><a href=\"http:\/\/www.mairie-outarville.fr\/wp-content\/uploads\/2014\/07\/mare-outarville.png\"><img decoding=\"async\" loading=\"lazy\" class=\"size-thumbnail wp-image-524 alignleft\" src=\"http:\/\/www.mairie-outarville.fr\/wp-content\/uploads\/2014\/07\/mare-outarville-150x150.png\" alt=\"mare outarville\" width=\"150\" height=\"150\" \/><\/a><\/p>\n<p>Outarville qui n&rsquo;\u00e9tait a ses d\u00e9buts qu&rsquo;un ch\u00e2teau, des fermes et une \u00e9glise \u00a0est devnu, en 1806, chef lieu de canton. En 1869, on d\u00e9nombrait dans\u00a0les hameaux de Poily, Melleray et Arconville un peu moins de 600 h\u00e2mes.<\/p>\n<p>Les anciennes cartes postales laissent voir les 2 des 3 marres qui \u00e9taient r\u00e9parties sur le territoire mais qui aujourd&rsquo;hui disparu.<\/p>\n<p>&nbsp;<\/p>\n<p>&nbsp;<\/p>\n<p><a href=\"http:\/\/www.mairie-outarville.fr\/wp-content\/uploads\/2014\/07\/mairie-outarville.png\"><img decoding=\"async\" loading=\"lazy\" class=\"wp-image-522 size-full aligncenter\" src=\"http:\/\/www.mairie-outarville.fr\/wp-content\/uploads\/2014\/07\/mairie-outarville.png\" alt=\"mairie outarville\" width=\"288\" height=\"182\" \/><\/a><\/p>\n<p>Autre \u00e9l\u00e9ment du pass\u00e9 dont il ne reste rien aujourd&rsquo;hui : les 3 moulins (moulin de la P\u00eeque, moulin des Perri\u00e8res et moulin de Bourgogne).<\/p>\n<p>Le statut de chef lieu de canton a permis \u00e0 Outarville \u00a0d&rsquo;\u00eatre dot\u00e9, presque avant les autres, d&rsquo;un bureau de Poste et T\u00e9l\u00e9graphes (1844), d&rsquo;une mairie-\u00e9cole (1905-1906) apr\u00e8s la loi Julles Ferry qui l&rsquo;imposait, et d&rsquo;un ch\u00e2teau d&rsquo;eau install\u00e9 (1911).<\/p>\n<p><a href=\"http:\/\/www.mairie-outarville.fr\/wp-content\/uploads\/2014\/07\/Melleray.png\"><img decoding=\"async\" loading=\"lazy\" class=\"aligncenter wp-image-533 size-full\" src=\"http:\/\/www.mairie-outarville.fr\/wp-content\/uploads\/2014\/07\/Melleray.png\" alt=\"Melleray\" width=\"297\" height=\"193\" \/><\/a><\/p>\n<p><a href=\"http:\/\/www.mairie-outarville.fr\/wp-content\/uploads\/2014\/07\/d\u00e9cauvile.png\"><img decoding=\"async\" loading=\"lazy\" class=\"wp-image-527 size-medium alignright\" src=\"http:\/\/www.mairie-outarville.fr\/wp-content\/uploads\/2014\/07\/d\u00e9cauvile-300x200.png\" alt=\"d\u00e9cauvile\" width=\"300\" height=\"200\" srcset=\"http:\/\/www.mairie-outarville.fr\/wp-content\/uploads\/2014\/07\/d\u00e9cauvile-300x200.png 300w, http:\/\/www.mairie-outarville.fr\/wp-content\/uploads\/2014\/07\/d\u00e9cauvile.png 384w\" sizes=\"(max-width: 300px) 100vw, 300px\" \/><\/a>Autre \u00e9l\u00e9ment marquant dont il ne reste rien aujourd&rsquo;hui : une gare (1892) du D\u00e9cauville qui reliait Pithiviers \u00e0 Toury. La gare d&rsquo;Outarville \u00e9tait desservie 3 fois par jour.<\/p>\n<p>&nbsp;<\/p>\n<p>&nbsp;<\/p>\n<p>&nbsp;<\/p>\n<p>&nbsp;<\/p>\n<p>&nbsp;<\/p>\n<p>&nbsp;<\/p>\n<p>&nbsp;<\/p>\n<p>L&rsquo;\u00e9glise Saint-Laurent (XIII\u00e8me) est situ\u00e9e au plein centre du village. Elle succ\u00e8de \u00e0 une premi\u00e8re du XII\u00e8me si\u00e8cle Le XIX\u00e8me a \u00e9galement apport\u00e9 sa touche \u00e0 l&rsquo;\u00e9difice : ajout d&rsquo;un porche, d&rsquo;une tribune et d&rsquo;un clocheton, reprise de la vo\u00fbte de la derni\u00e8re trav\u00e9e dont la cl\u00e9 porte la date de 1872.<\/p>\n<p><a href=\"http:\/\/www.mairie-outarville.fr\/wp-content\/uploads\/2014\/07\/\u00e9glise-saint-laurent.jpg\"><img decoding=\"async\" loading=\"lazy\" class=\"aligncenter wp-image-467 size-medium\" src=\"http:\/\/www.mairie-outarville.fr\/wp-content\/uploads\/2014\/07\/\u00e9glise-saint-laurent-300x191.jpg\" alt=\"\u00e9glise saint laurent\" width=\"300\" height=\"191\" srcset=\"http:\/\/www.mairie-outarville.fr\/wp-content\/uploads\/2014\/07\/\u00e9glise-saint-laurent-300x191.jpg 300w, http:\/\/www.mairie-outarville.fr\/wp-content\/uploads\/2014\/07\/\u00e9glise-saint-laurent.jpg 400w\" sizes=\"(max-width: 300px) 100vw, 300px\" \/><\/a><\/p>\n<p><span style=\"text-decoration: underline;\">Les hameaux diss\u00e9min\u00e9s sur la commune sont nombreux :<\/span> Poilly, Melleray et Arconville.<\/p>\n<p>Poilly (de <em>Pulliacus<\/em>) aurait \u00e9t\u00e9 un \u00e9levage de poulets.<br \/>\nMelleray (de <em>Melleratum<\/em>) qui aurait donn\u00e9 le nom miel<br \/>\nArconville (ou <em>Arcorum villa<\/em>) : les vilains s&rsquo;y exer\u00e7aient au tir \u00e0 l&rsquo;arc.<\/p>\n<p><a href=\"http:\/\/www.mairie-outarville.fr\/wp-content\/uploads\/2014\/07\/mare-Melleray.png\"><img decoding=\"async\" loading=\"lazy\" class=\"aligncenter wp-image-532 size-full\" src=\"http:\/\/www.mairie-outarville.fr\/wp-content\/uploads\/2014\/07\/mare-Melleray.png\" alt=\"mare Melleray\" width=\"314\" height=\"196\" srcset=\"http:\/\/www.mairie-outarville.fr\/wp-content\/uploads\/2014\/07\/mare-Melleray.png 314w, http:\/\/www.mairie-outarville.fr\/wp-content\/uploads\/2014\/07\/mare-Melleray-300x187.png 300w\" sizes=\"(max-width: 314px) 100vw, 314px\" \/><\/a><\/p>\n<p><a href=\"http:\/\/www.mairie-outarville.fr\/wp-content\/uploads\/2014\/07\/vue-a\u00e9rienne.png\"><img decoding=\"async\" loading=\"lazy\" class=\"aligncenter wp-image-512 size-full\" src=\"http:\/\/www.mairie-outarville.fr\/wp-content\/uploads\/2014\/07\/vue-a\u00e9rienne.png\" alt=\"vue a\u00e9rienne\" width=\"298\" height=\"206\" \/><\/a><\/p>\n<p><span style=\"color: #0000ff;\"><b><span style=\"text-decoration: underline;\">\u00a0<\/span><\/b><\/span><\/p>\n","protected":false},"excerpt":{"rendered":"<p>Habitant : outarvillois\/outarvilloise &nbsp; Des indices laissent \u00e0 penser que le territoire d&rsquo;Outarville a \u00e9t\u00e9 occup\u00e9 d\u00e8s la pr\u00e9histoire : d\u00e9couverte en 1953 au lieu-dit \u00ab\u00a0la Fontaine\u00a0\u00bb d&rsquo;un st\u00e8le fun\u00e9raire (ou statue menhir) d&rsquo;1,30 m\u00e8tres de long; d\u00e9couverte en 1954 d&rsquo;une meule n\u00e9olithique et d&rsquo;une s\u00e9pulture gauloise. Saint-P\u00e9ravy Epreux \u00e9taient \u00e9galement occup\u00e9 \u00e0 cette \u00e9poque<\/p>\n","protected":false},"author":3,"featured_media":0,"parent":0,"menu_order":0,"comment_status":"closed","ping_status":"closed","template":"","meta":{"footnotes":""},"_links":{"self":[{"href":"http:\/\/www.mairie-outarville.fr\/index.php?rest_route=\/wp\/v2\/pages\/401"}],"collection":[{"href":"http:\/\/www.mairie-outarville.fr\/index.php?rest_route=\/wp\/v2\/pages"}],"about":[{"href":"http:\/\/www.mairie-outarville.fr\/index.php?rest_route=\/wp\/v2\/types\/page"}],"author":[{"embeddable":true,"href":"http:\/\/www.mairie-outarville.fr\/index.php?rest_route=\/wp\/v2\/users\/3"}],"replies":[{"embeddable":true,"href":"http:\/\/www.mairie-outarville.fr\/index.php?rest_route=%2Fwp%2Fv2%2Fcomments&post=401"}],"version-history":[{"count":25,"href":"http:\/\/www.mairie-outarville.fr\/index.php?rest_route=\/wp\/v2\/pages\/401\/revisions"}],"predecessor-version":[{"id":1077,"href":"http:\/\/www.mairie-outarville.fr\/index.php?rest_route=\/wp\/v2\/pages\/401\/revisions\/1077"}],"wp:attachment":[{"href":"http:\/\/www.mairie-outarville.fr\/index.php?rest_route=%2Fwp%2Fv2%2Fmedia&parent=401"}],"curies":[{"name":"wp","href":"https:\/\/api.w.org\/{rel}","templated":true}]}}