{"id":38,"date":"2014-06-16T14:42:54","date_gmt":"2014-06-16T13:42:54","guid":{"rendered":"http:\/\/www.mairie-outarville.fr\/?page_id=38"},"modified":"2014-08-11T01:10:06","modified_gmt":"2014-08-10T23:10:06","slug":"dechets","status":"publish","type":"page","link":"http:\/\/www.mairie-outarville.fr\/?page_id=38","title":{"rendered":"D\u00e9chets"},"content":{"rendered":"<p><a href=\"http:\/\/www.mairie-outarville.fr\/wp-content\/uploads\/2014\/06\/sitomap-logo.jpg\"><img decoding=\"async\" loading=\"lazy\" class=\"aligncenter wp-image-622 size-full\" src=\"http:\/\/www.mairie-outarville.fr\/wp-content\/uploads\/2014\/06\/sitomap-logo.jpg\" alt=\"sitomap logo\" width=\"200\" height=\"119\" \/><\/a><\/p>\n<p style=\"text-align: justify;\">Le SITOMAP (Syndicat Intercommunal pour l\u2019\u00e9limination des d\u00e9chets m\u00e9nagers du Pithiverais) regroupe 97 communes. La population couverte par le syndicat repr\u00e9sente environ 77 000 habitants.<\/p>\n<p style=\"text-align: justify;\">Le SITOMAP assure la collecte et le traitement des d\u00e9chets m\u00e9nagers, cependant chaque habitant est concern\u00e9 par la gestion des d\u00e9chets qu&rsquo;il produit.<\/p>\n<p>Les comp\u00e9tences du Syndicat concernant la collecte des d\u00e9chets s\u2019exercent autour de 4 grandes missions :<\/p>\n<p>La collecte des ordures m\u00e9nag\u00e8res r\u00e9siduelles et du tri s\u00e9lectif<br \/>\nLa collecte des encombrants<br \/>\nLa collecte des Points d\u2019Apport Volontaire (Verre et Multi-mat\u00e9riaux)<br \/>\nLa gestion des d\u00e9ch\u00e8teries<br \/>\nRAPPEL : toutes vos demandes (probl\u00e8mes de collecte, demande de bacs s\u00e9lectifs,\u2026) doivent \u00eatre transmises au SITOMAP.<\/p>\n<p><span style=\"text-decoration: underline;\">\u00a0Vous pouvez les contacter :<\/span><\/p>\n<p>T\u00e9l : 02 38 32 76 20<\/p>\n<p>Fax : 02 38 32 76 22<\/p>\n<p>Mail : sitomap@sitomap.fr<\/p>\n<p style=\"text-align: justify;\"><strong><span style=\"text-decoration: underline;\">site internet :<\/span><\/strong>\u00a0<a href=\"http:\/\/www.sitomap.fr\/\">http:\/\/www.sitomap.fr\/<\/a><\/p>\n","protected":false},"excerpt":{"rendered":"<p>Le SITOMAP (Syndicat Intercommunal pour l\u2019\u00e9limination des d\u00e9chets m\u00e9nagers du Pithiverais) regroupe 97 communes. La population couverte par le syndicat repr\u00e9sente environ 77 000 habitants. Le SITOMAP assure la collecte et le traitement des d\u00e9chets m\u00e9nagers, cependant chaque habitant est concern\u00e9 par la gestion des d\u00e9chets qu&rsquo;il produit. Les comp\u00e9tences du Syndicat concernant la collecte<\/p>\n","protected":false},"author":1,"featured_media":0,"parent":0,"menu_order":0,"comment_status":"closed","ping_status":"closed","template":"","meta":{"footnotes":""},"_links":{"self":[{"href":"http:\/\/www.mairie-outarville.fr\/index.php?rest_route=\/wp\/v2\/pages\/38"}],"collection":[{"href":"http:\/\/www.mairie-outarville.fr\/index.php?rest_route=\/wp\/v2\/pages"}],"about":[{"href":"http:\/\/www.mairie-outarville.fr\/index.php?rest_route=\/wp\/v2\/types\/page"}],"author":[{"embeddable":true,"href":"http:\/\/www.mairie-outarville.fr\/index.php?rest_route=\/wp\/v2\/users\/1"}],"replies":[{"embeddable":true,"href":"http:\/\/www.mairie-outarville.fr\/index.php?rest_route=%2Fwp%2Fv2%2Fcomments&post=38"}],"version-history":[{"count":9,"href":"http:\/\/www.mairie-outarville.fr\/index.php?rest_route=\/wp\/v2\/pages\/38\/revisions"}],"predecessor-version":[{"id":627,"href":"http:\/\/www.mairie-outarville.fr\/index.php?rest_route=\/wp\/v2\/pages\/38\/revisions\/627"}],"wp:attachment":[{"href":"http:\/\/www.mairie-outarville.fr\/index.php?rest_route=%2Fwp%2Fv2%2Fmedia&parent=38"}],"curies":[{"name":"wp","href":"https:\/\/api.w.org\/{rel}","templated":true}]}}