{"id":32,"date":"2014-06-16T14:41:28","date_gmt":"2014-06-16T13:41:28","guid":{"rendered":"http:\/\/www.mairie-outarville.fr\/?page_id=32"},"modified":"2020-01-29T16:09:28","modified_gmt":"2020-01-29T15:09:28","slug":"sante","status":"publish","type":"page","link":"http:\/\/www.mairie-outarville.fr\/?page_id=32","title":{"rendered":"Offre m\u00e9dicale sur Outarville et aux alentours"},"content":{"rendered":"<table>\n<tbody>\n<tr>\n<td width=\"445\">Centre hospitalier Pithiviers<\/td>\n<td width=\"113\">02 38 32 31 31<\/td>\n<\/tr>\n<tr>\n<td colspan=\"2\" width=\"558\"><span style=\"color: #000000;\"><strong>Pharmacie<\/strong><\/span><\/td>\n<\/tr>\n<tr>\n<td width=\"445\">Pharmacie Mess\u00e9ant &#8211; Outarville<\/td>\n<td width=\"113\">02 38 39 53 80<\/td>\n<\/tr>\n<tr>\n<td width=\"445\">Pharmacie Delanoue &#8211; Bazoches<\/td>\n<td width=\"113\">02 38 39 40 38<\/td>\n<\/tr>\n<tr>\n<td colspan=\"2\" width=\"558\"><strong>M\u00e9decine g\u00e9n\u00e9rale<\/strong><\/td>\n<\/tr>\n<tr>\n<td width=\"445\">Dr Salmon &#8211; Outarville (sans RDV tous les jours sauf les jeudi et samedi)<\/td>\n<td width=\"113\">02 38 34 19 96<\/td>\n<\/tr>\n<tr>\n<td width=\"445\">Dr Boumour &#8211; Toury<\/td>\n<td width=\"113\">02 37 90 53 21<\/td>\n<\/tr>\n<tr>\n<td width=\"445\">Dr Pelin &#8211; Toury<\/td>\n<td width=\"113\">02 37 90 63 85<\/td>\n<\/tr>\n<tr>\n<td width=\"445\">Dr Myquias Dr Galipon Dr Triki &#8211; Bazoches-les-Gallerandes<\/td>\n<td width=\"113\">02 38 39 40 36<\/td>\n<\/tr>\n<tr>\n<td width=\"445\">Dr Crossonneau \u2013 Bazoches les Gallerandes<\/td>\n<td width=\"113\">02 38 39 41 02<\/td>\n<\/tr>\n<tr>\n<td colspan=\"2\" width=\"558\"><strong>Dentiste<\/strong><\/td>\n<\/tr>\n<tr>\n<td width=\"445\">Dr Abu-Sada Hanna &#8211; Outarville<\/td>\n<td width=\"113\">02 38 39 66 66<\/td>\n<\/tr>\n<tr>\n<td colspan=\"2\" width=\"558\"><strong>Infirmier<\/strong><\/td>\n<\/tr>\n<tr>\n<td width=\"445\">Laroche Val\u00e9rie, Lasitte Chantal, Tessier Fran\u00e7oise, Baug\u00e9 Delphine<\/td>\n<td width=\"113\">02 38 39 36 60<\/td>\n<\/tr>\n<tr>\n<td colspan=\"2\" width=\"558\"><\/td>\n<\/tr>\n<tr>\n<td colspan=\"2\" width=\"558\"><strong>Orthophoniste<\/strong><\/td>\n<\/tr>\n<tr>\n<td width=\"445\">Ribaucourt Florence &#8211; Outarville<\/td>\n<td width=\"113\">02 38 39 50 10<\/td>\n<\/tr>\n<tr>\n<td width=\"445\">Paget Alice &#8211; Outarville<\/td>\n<td width=\"113\">06 14 37 59 31<\/td>\n<\/tr>\n<tr>\n<td width=\"445\">Frencel Nadine \u2013 Toury<\/td>\n<td width=\"113\">02 37 90 63 49<\/td>\n<\/tr>\n<tr>\n<td colspan=\"2\" width=\"558\"><strong>Kin\u00e9sith\u00e9rapeuthe<\/strong><\/td>\n<\/tr>\n<tr>\n<td width=\"445\"><\/td>\n<td width=\"113\"><\/td>\n<\/tr>\n<tr>\n<td width=\"445\">Baudere Claire, Pelletier Claire \u2013 Bazoches les Gallerandes<\/td>\n<td width=\"113\">02 38 39 36 73<\/td>\n<\/tr>\n<tr>\n<td colspan=\"2\" width=\"558\"><strong>Podologue<\/strong><\/td>\n<\/tr>\n<tr>\n<td width=\"445\">Moulet Sylvie \u2013 Bazoches les Gallerandes<\/td>\n<td width=\"113\">02 38 39 35 90<\/td>\n<\/tr>\n<tr>\n<td colspan=\"2\" width=\"558\"><strong>Osth\u00e9opathe<\/strong><\/td>\n<\/tr>\n<tr>\n<td width=\"445\">Dubief Anne-Charlotte &#8211; Toury<\/td>\n<td width=\"113\">02 37 90 65 63<\/td>\n<\/tr>\n<tr>\n<td colspan=\"2\" width=\"558\"><strong>Radiologie<\/strong><\/td>\n<\/tr>\n<tr>\n<td width=\"445\">Bonnassies &#8211; Toury<\/td>\n<td width=\"113\">02 37 90 66 66<\/td>\n<\/tr>\n<tr>\n<td colspan=\"2\" width=\"558\"><strong>Ambulance<\/strong><\/td>\n<\/tr>\n<tr>\n<td width=\"445\">Ambulances r\u00e9unies Toury<\/td>\n<td width=\"113\">02 37 90 69 00<\/td>\n<\/tr>\n<tr>\n<td width=\"445\">Bernard taxi services<\/td>\n<td width=\"113\">06 22 56 73 05<\/td>\n<\/tr>\n<\/tbody>\n<\/table>\n","protected":false},"excerpt":{"rendered":"<p>Centre hospitalier Pithiviers 02 38 32 31 31 Pharmacie Pharmacie Mess\u00e9ant &#8211; Outarville 02 38 39 53 80 Pharmacie Delanoue &#8211; Bazoches 02 38 39 40 38 M\u00e9decine g\u00e9n\u00e9rale Dr Salmon &#8211; Outarville (sans RDV tous les jours sauf les jeudi et samedi) 02 38 34 19 96 Dr Boumour &#8211; Toury 02 37 90<\/p>\n","protected":false},"author":1,"featured_media":0,"parent":0,"menu_order":0,"comment_status":"closed","ping_status":"closed","template":"","meta":{"footnotes":""},"_links":{"self":[{"href":"http:\/\/www.mairie-outarville.fr\/index.php?rest_route=\/wp\/v2\/pages\/32"}],"collection":[{"href":"http:\/\/www.mairie-outarville.fr\/index.php?rest_route=\/wp\/v2\/pages"}],"about":[{"href":"http:\/\/www.mairie-outarville.fr\/index.php?rest_route=\/wp\/v2\/types\/page"}],"author":[{"embeddable":true,"href":"http:\/\/www.mairie-outarville.fr\/index.php?rest_route=\/wp\/v2\/users\/1"}],"replies":[{"embeddable":true,"href":"http:\/\/www.mairie-outarville.fr\/index.php?rest_route=%2Fwp%2Fv2%2Fcomments&post=32"}],"version-history":[{"count":25,"href":"http:\/\/www.mairie-outarville.fr\/index.php?rest_route=\/wp\/v2\/pages\/32\/revisions"}],"predecessor-version":[{"id":3633,"href":"http:\/\/www.mairie-outarville.fr\/index.php?rest_route=\/wp\/v2\/pages\/32\/revisions\/3633"}],"wp:attachment":[{"href":"http:\/\/www.mairie-outarville.fr\/index.php?rest_route=%2Fwp%2Fv2%2Fmedia&parent=32"}],"curies":[{"name":"wp","href":"https:\/\/api.w.org\/{rel}","templated":true}]}}