{"id":2923,"date":"2019-08-05T15:40:29","date_gmt":"2019-08-05T13:40:29","guid":{"rendered":"http:\/\/www.mairie-outarville.fr\/?page_id=2923"},"modified":"2019-08-05T16:01:00","modified_gmt":"2019-08-05T14:01:00","slug":"logement","status":"publish","type":"page","link":"http:\/\/www.mairie-outarville.fr\/?page_id=2923","title":{"rendered":"Logement"},"content":{"rendered":"<p><span style=\"color: #414856;\">Toute personne qui souhaite obtenir un logement d&rsquo;habitation \u00e0 loyer mod\u00e9r\u00e9 (HLM) doit constituer un dossier.<\/span><\/p>\n<p><span style=\"color: #414856;\"> La demande peut \u00eatre faite en ligne ou au guichet. Aucun frais de dossier n&rsquo;est r\u00e9clam\u00e9 lors de la demande de logement, ni lors de la signature du bail.<\/span><\/p>\n<h2 class=\"fiche-title-1\" style=\"font-weight: normal; color: #0b6ba8;\"><span style=\"text-decoration: underline;\"><span style=\"color: #33cccc; text-decoration: underline;\">Pi\u00e8ces n\u00e9cessaires<\/span><\/span><\/h2>\n<p style=\"color: #414856;\">Il faut vous munir\u00a0:<\/p>\n<ul style=\"color: #414856;\">\n<li><strong style=\"font-weight: bold;\">d&rsquo;une pi\u00e8ce d&rsquo;identit\u00e9<\/strong>\u00a0pour chacune des personnes qui vont vivre dans le logement :<br \/>\nPour les personnes majeures\u00a0: carte d&rsquo;identit\u00e9 ou passeport.<br \/>\nPour les personnes mineures\u00a0: livret de famille ou acte de naissance.<br \/>\nS&rsquo;il y a lieu, jugement de tutelle ou de curatelle.<br \/>\nSi vous \u00eates \u00e9tranger\u00a0:\u00a0<a style=\"color: #414856;\" title=\"document prouvant la r\u00e9gularit\u00e9 et la permanence - www.legifrance.gouv.fr - Nouvelle fen\u00eatre\" href=\"https:\/\/www.legifrance.gouv.fr\/affichTexte.do?cidTexte=JORFTEXT000038566687\" target=\"_blank\" rel=\"noopener noreferrer\" data-xiti-name=\"Particuliers::Vos_droits::Navigation_Directe::document_prouvant_la_r\u00e9gularit\u00e9_et_la_permanence\" data-xiti-type=\"exit\">document prouvant la r\u00e9gularit\u00e9 et la permanence<\/a>\u00a0de votre s\u00e9jour en France.<br \/>\nPour r\u00e9aliser la d\u00e9marche enti\u00e8rement en ligne, vous devez fournir des copies scann\u00e9es de ces documents.<\/li>\n<li><strong style=\"font-weight: bold;\">d&rsquo;un justificatif de revenus<\/strong>\u00a0pour chacune des\u00a0<span class=\"expression\"><em>personnes vivant au foyer<\/em><\/span>\u00a0et qui vont vivre dans le logement : avis d&rsquo;imposition de l&rsquo;avant-derni\u00e8re ann\u00e9e ou, \u00e0 d\u00e9faut, avis de situation d\u00e9clarative \u00e0 l&rsquo;imp\u00f4t sur le revenu, &#8230;<br \/>\nSi ces documents n&rsquo;ont pas \u00e9t\u00e9 \u00e9mis par l&rsquo;\u00c9tat fran\u00e7ais, ils doivent \u00eatre traduits en fran\u00e7ais et les revenus doivent \u00eatre convertis en euros.<\/li>\n<\/ul>\n<p style=\"color: #414856;\">Les\u00a0<span class=\"expression\"><em>personnes vivant au foyer<\/em><\/span>\u00a0sont les suivantes\u00a0:<\/p>\n<ul style=\"color: #414856;\">\n<li>Titulaire ou titulaires (dont l&rsquo;\u00e9poux) du bail<\/li>\n<li>Personnes figurant sur les avis d&rsquo;imposition du ou des titulaires du bail<\/li>\n<li>Concubin notoire du titulaire du bail<\/li>\n<li>Partenaire de\u00a0<abbr tabindex=\"0\" title=\"Pacs\u00a0:\u00a0Pacte civil de solidarit\u00e9\" data-sigle=\"R45368\">Pacs<\/abbr>\u00a0du titulaire du bail<\/li>\n<li>Enfants et personnes consid\u00e9r\u00e9es \u00e0 charge\u00a0: mineur ne percevant pas de revenus propres, majeur rattach\u00e9 fiscalement au(x) titulaire(s) du bail, b\u00e9n\u00e9ficiaire de la carte mobilit\u00e9 inclusion portant la mention\u00a0<span class=\"expression\"><em>invalidit\u00e9<\/em><\/span><\/li>\n<\/ul>\n<h3 class=\"bloc-edito-title\" style=\"color: #414856;\">\u00a0\u00a0<strong style=\"font-weight: bold; color: #0b6ba8;\">\u00c0 savoir :<\/strong>l&rsquo;enfant de parents s\u00e9par\u00e9s plac\u00e9 en garde altern\u00e9e, ainsi que l&rsquo;enfant faisant l&rsquo;objet droit d&rsquo;un droit de visite ou d&rsquo;h\u00e9bergement, sont consid\u00e9r\u00e9s comme personne vivant au foyer.<\/h3>\n<p style=\"color: #414856;\">Lorsque l&rsquo;avis d&rsquo;imposition comporte vos ressources et celles de votre \u00e9poux(se) ou partenaire de\u00a0<abbr tabindex=\"0\" title=\"Pacs\u00a0:\u00a0Pacte civil de solidarit\u00e9\" data-sigle=\"R45368\">Pacs<\/abbr>, seules vos ressources sont prises en compte dans les situations suivantes\u00a0:<\/p>\n<ul style=\"color: #414856;\">\n<li>Vous \u00eates en instance de divorce, \u00e0 condition de fournir l&rsquo;ordonnance de non-conciliation ou une copie de l&rsquo;acte de saisine du juge aux affaires familiales, ou justificatif d&rsquo;un avocat attestant que la proc\u00e9dure de divorce par consentement mutuel extrajudiciaire est en cours, ou d\u00e9cision du juge ou ordonnance de protection d\u00e9livr\u00e9e par le juge des affaires familiales (en cas de situation d&rsquo;urgence)<\/li>\n<li>Vous \u00eates divorc\u00e9(e), \u00e0 condition de fournir le jugement de divorce ou la convention homologu\u00e9e en cas de divorce par consentement mutuel<\/li>\n<li>Votre\u00a0<abbr tabindex=\"0\" title=\"Pacs\u00a0:\u00a0Pacte civil de solidarit\u00e9\" data-sigle=\"R45368\">Pacs<\/abbr>\u00a0est dissout, \u00e0 condition de fournir l&rsquo;acte de naissance (avec la mention Pacs dissous)<\/li>\n<li>Vous \u00eates mari\u00e9(e) b\u00e9n\u00e9ficiaire de la protection internationale et vous r\u00e9sidez seul(e) en France<\/li>\n<li>Vous \u00eates victime de violences au sein de votre\u00a0<dfn style=\"font-style: italic;\"><a style=\"color: #414856;\" title=\"couple : Mariage, Pacs ou concubinage (union libre)\" href=\"https:\/\/www.service-public.fr\/particuliers\/glossaire\/R42442\" data-definition=\"R42442\" data-xiti-name=\"Particuliers::Vos_droits::Navigation_Directe::couple\" data-title=\"Mariage, Pacs ou concubinage (union libre)\">couple<\/a><\/dfn>, attest\u00e9es par le r\u00e9c\u00e9piss\u00e9 d&rsquo;un d\u00e9p\u00f4t de plainte<\/li>\n<li>Votre \u00e9poux(se) est d\u00e9c\u00e9d\u00e9(e), \u00e0 condition de fournir le certificat de d\u00e9c\u00e8s ou du livret de famille.<\/li>\n<\/ul>\n<h2><a href=\"https:\/\/www.demande-logement-social.gouv.fr\/\">https:\/\/www.demande-logement-social.gouv.fr\/<\/a><\/h2>\n<p>&nbsp;<\/p>\n","protected":false},"excerpt":{"rendered":"<p>Toute personne qui souhaite obtenir un logement d&rsquo;habitation \u00e0 loyer mod\u00e9r\u00e9 (HLM) doit constituer un dossier. La demande peut \u00eatre faite en ligne ou au guichet. Aucun frais de dossier n&rsquo;est r\u00e9clam\u00e9 lors de la demande de logement, ni lors de la signature du bail. Pi\u00e8ces n\u00e9cessaires Il faut vous munir\u00a0: d&rsquo;une pi\u00e8ce d&rsquo;identit\u00e9\u00a0pour chacune<\/p>\n","protected":false},"author":3,"featured_media":0,"parent":0,"menu_order":0,"comment_status":"closed","ping_status":"closed","template":"","meta":{"footnotes":""},"_links":{"self":[{"href":"http:\/\/www.mairie-outarville.fr\/index.php?rest_route=\/wp\/v2\/pages\/2923"}],"collection":[{"href":"http:\/\/www.mairie-outarville.fr\/index.php?rest_route=\/wp\/v2\/pages"}],"about":[{"href":"http:\/\/www.mairie-outarville.fr\/index.php?rest_route=\/wp\/v2\/types\/page"}],"author":[{"embeddable":true,"href":"http:\/\/www.mairie-outarville.fr\/index.php?rest_route=\/wp\/v2\/users\/3"}],"replies":[{"embeddable":true,"href":"http:\/\/www.mairie-outarville.fr\/index.php?rest_route=%2Fwp%2Fv2%2Fcomments&post=2923"}],"version-history":[{"count":5,"href":"http:\/\/www.mairie-outarville.fr\/index.php?rest_route=\/wp\/v2\/pages\/2923\/revisions"}],"predecessor-version":[{"id":2929,"href":"http:\/\/www.mairie-outarville.fr\/index.php?rest_route=\/wp\/v2\/pages\/2923\/revisions\/2929"}],"wp:attachment":[{"href":"http:\/\/www.mairie-outarville.fr\/index.php?rest_route=%2Fwp%2Fv2%2Fmedia&parent=2923"}],"curies":[{"name":"wp","href":"https:\/\/api.w.org\/{rel}","templated":true}]}}