{"id":27,"date":"2014-06-16T14:40:50","date_gmt":"2014-06-16T13:40:50","guid":{"rendered":"http:\/\/www.mairie-outarville.fr\/?page_id=27"},"modified":"2021-01-13T11:10:31","modified_gmt":"2021-01-13T10:10:31","slug":"demarches-administratives","status":"publish","type":"page","link":"http:\/\/www.mairie-outarville.fr\/?page_id=27","title":{"rendered":"D\u00e9marches administratives"},"content":{"rendered":"<h1><span style=\"text-decoration: underline; color: #0000ff;\"><span style=\"text-decoration: underline;\">Conna\u00eetre vos droits,\u00a0effectuer vos d\u00e9marches:<\/span><\/span><\/h1>\n<p><span style=\"color: #0000ff;\">\u00a0<\/span><\/p>\n<h3><span style=\"text-decoration: underline;\"><span style=\"color: #0000ff; text-decoration: underline;\">Etat-civil:<\/span><\/span><\/h3>\n<header id=\"headerPage\" style=\"color: #414856;\">\n<h4 style=\"color: #0b6ba8;\" data-test=\"titre-page\"><a href=\"https:\/\/www.service-public.fr\/particuliers\/vosdroits\/N19810\">https:\/\/www.service-public.fr\/particuliers\/vosdroits\/N19810<\/a><\/h4>\n<\/header>\n<div id=\"intro\" class=\"lead\" style=\"color: #414856;\">\n<h3><span style=\"color: #0000ff;\"><span style=\"text-decoration: underline;\">C<\/span><a title=\"carte d'identit\u00e9\" href=\"https:\/\/www.loiret.gouv.fr\/Demarches-administratives\/Cartes-d-identite-Passeports\/La-carte-d-identite-a-portee-de-clic\"><span style=\"color: #0000ff;\"><span style=\"text-decoration: underline;\">arte d&rsquo;identit\u00e9<\/span> :\u00a0<\/span><\/a><\/span><\/h3>\n<h3><span style=\"color: #33cccc;\"><a title=\"carte d'identit\u00e9\" href=\"https:\/\/www.loiret.gouv.fr\/Demarches-administratives\/Cartes-d-identite-Passeports\/La-carte-d-identite-a-portee-de-clic\"><span style=\"color: #33cccc;\">https:\/\/www.loiret.gouv.fr\/Demarches-administratives\/Cartes-d-identite-Passeports\/La-carte-d-identite-a-portee-de-clic<\/span><\/a><\/span><\/h3>\n<h3><span style=\"text-decoration: underline; color: #0000ff;\">\u00a0Familles:<\/span><\/h3>\n<h4><a href=\"https:\/\/www.service-public.fr\/particuliers\/vosdroits\/N19805\">https:\/\/www.service-public.fr\/particuliers\/vosdroits\/N19805<\/a><\/h4>\n<\/div>\n<p>&nbsp;<\/p>\n<h3><span style=\"text-decoration: underline;\"><span style=\"color: #0000ff; text-decoration: underline;\">Sant\u00e9\/Social:<\/span><\/span><\/h3>\n<h4><a href=\"https:\/\/www.service-public.fr\/particuliers\/vosdroits\/N19811\">https:\/\/www.service-public.fr\/particuliers\/vosdroits\/N19811<\/a><\/h4>\n<p>&nbsp;<\/p>\n<h3><span style=\"text-decoration: underline;\"><span style=\"color: #0000ff; text-decoration: underline;\">Travail:<\/span><\/span><\/h3>\n<h4><a href=\"https:\/\/www.service-public.fr\/particuliers\/vosdroits\/N19806\">https:\/\/www.service-public.fr\/particuliers\/vosdroits\/N19806<\/a><\/h4>\n<p>&nbsp;<\/p>\n<h3><span style=\"text-decoration: underline; color: #0000ff;\">Logement:<\/span><\/h3>\n<h4><a href=\"https:\/\/www.service-public.fr\/particuliers\/vosdroits\/N19808\">https:\/\/www.service-public.fr\/particuliers\/vosdroits\/N19808<\/a><\/h4>\n<p>&nbsp;<\/p>\n<h3><span style=\"text-decoration: underline;\"><span style=\"color: #0000ff; text-decoration: underline;\">Transports:<\/span><\/span><\/h3>\n<h4><a href=\"https:\/\/www.service-public.fr\/particuliers\/vosdroits\/N19812\">https:\/\/www.service-public.fr\/particuliers\/vosdroits\/N19812<\/a><\/h4>\n<h3><span style=\"color: #0000ff;\">\u00a0<span style=\"text-decoration: underline;\">Certificat d&rsquo;immatriculation ANTS<\/span><\/span><\/h3>\n<div style=\"color: #222222;\">\n<p><span style=\"color: #000000;\"><b><i>D\u00e9marches administratives &#8211; Certificat d\u2019immatriculation (2021)<\/i><\/b><\/span><\/p>\n<\/div>\n<p dir=\"ltr\" style=\"color: #222222;\"><span style=\"color: #000000;\">Les d\u00e9marches li\u00e9es \u00e0 l&rsquo;obtention d&rsquo;un certificat d&rsquo;immatriculation (carte grise), pour cause de ventes ou de changement d\u2019adresse, se r\u00e9alisent aujourd\u2019hui de deux fa\u00e7ons diff\u00e9rentes :\u00a0\u00a0<\/span><\/p>\n<ul style=\"color: #222222;\">\n<li dir=\"ltr\" style=\"color: #000000;\">\n<p dir=\"ltr\">De mani\u00e8re num\u00e9rique via <span style=\"font-weight: bold;\">UNIQUEMENT<\/span> le site de\u00a0 l\u2019ANTS :<span style=\"color: #0000ff;\"><a style=\"color: #1155cc;\" title=\"CERTIFICTA IMMATRICULATION\" href=\"https:\/\/immatriculation.ants.gouv.fr\/\" target=\"_blank\" data-saferedirecturl=\"https:\/\/www.google.com\/url?q=https:\/\/immatriculation.ants.gouv.fr\/&amp;source=gmail&amp;ust=1610618745061000&amp;usg=AFQjCNGYyRM2dkJZYKexw5gObjGcq47JRA\"><span style=\"color: #0000ff;\">\u00a0https:\/\/immatriculation.ants.gouv.fr\/<\/span><\/a><\/span><\/p>\n<\/li>\n<li dir=\"ltr\" style=\"color: #000000;\">\n<p dir=\"ltr\">De mani\u00e8re physique chez un professionnel de l&rsquo;automobile agr\u00e9\u00e9 par la pr\u00e9fecture :<span style=\"color: #0000ff;\"><a style=\"color: #1155cc;\" title=\"GARAGISTES\" href=\"https:\/\/www.vroomly.com\/garage-45\/\" target=\"_blank\" data-saferedirecturl=\"https:\/\/www.google.com\/url?q=https:\/\/www.vroomly.com\/garage-45\/&amp;source=gmail&amp;ust=1610618745061000&amp;usg=AFQjCNHjz-cFNI4J081DSujNKOGZrqQ4lA\"><span style=\"color: #0000ff;\"> Garagistes dans le d\u00e9partement du Loiret (45)<\/span><\/a><\/span><\/p>\n<\/li>\n<\/ul>\n<h4><span style=\"color: #000000;\">NB : Attention, \u00e9norm\u00e9ment de sites internet vous proposent de r\u00e9aliser les formalit\u00e9s li\u00e9es \u00e0 votre carte grise contre une certaine somme d\u2019argent. Avant toutes validations de paiement, v\u00e9rifiez quel est le prix d&rsquo;une <\/span><a style=\"color: #1155cc;\" href=\"https:\/\/www.vroomly.com\/blog\/quel-est-le-prix-dune-carte-grise\/\" target=\"_blank\" data-saferedirecturl=\"https:\/\/www.google.com\/url?q=https:\/\/www.vroomly.com\/blog\/quel-est-le-prix-dune-carte-grise\/&amp;source=gmail&amp;ust=1610618745061000&amp;usg=AFQjCNGfYTFW-4uvzFjc-ZYIwKfajf5_Fw\"><span style=\"color: #000000;\">carte grise<\/span><\/a><span style=\"color: #000000;\">. Pour vous accompagner, un guide vous est propos\u00e9 <span style=\"color: #0000ff;\">(<\/span><\/span><span style=\"color: #0000ff;\"><a style=\"color: #1155cc;\" href=\"https:\/\/www.courroie-distribution.fr\/blog\/comment-faire-une-carte-grise\/\" target=\"_blank\" data-saferedirecturl=\"https:\/\/www.google.com\/url?q=https:\/\/www.courroie-distribution.fr\/blog\/comment-faire-une-carte-grise\/&amp;source=gmail&amp;ust=1610618745061000&amp;usg=AFQjCNHP7AI7u7bXBLXWtaJZlUSdYKtxNQ\"><span style=\"color: #0000ff;\">ici<\/span><\/a><\/span><span style=\"color: #000000;\"><span style=\"color: #0000ff;\">)<\/span>, ce dernier vous explique pas \u00e0 pas comment faire un certificat d\u2019immatriculation.<\/span><\/h4>\n<h2><span style=\"text-decoration: underline;\"><span style=\"color: #0000ff; text-decoration: underline;\">Argent:<\/span><\/span><\/h2>\n<h4><a href=\"https:\/\/www.service-public.fr\/particuliers\/vosdroits\/N19803\">https:\/\/www.service-public.fr\/particuliers\/vosdroits\/N19803<\/a><\/h4>\n<p>&nbsp;<\/p>\n<h3><span style=\"text-decoration: underline;\"><span style=\"color: #0000ff; text-decoration: underline;\">Justice:<\/span><\/span><\/h3>\n<h4><a href=\"https:\/\/www.service-public.fr\/particuliers\/vosdroits\/N19807\">https:\/\/www.service-public.fr\/particuliers\/vosdroits\/N19807<\/a><\/h4>\n<p>&nbsp;<\/p>\n<h3><span style=\"text-decoration: underline; color: #0000ff;\">Etranger:<\/span><\/h3>\n<h4><a href=\"https:\/\/www.service-public.fr\/particuliers\/vosdroits\/N19804\">https:\/\/www.service-public.fr\/particuliers\/vosdroits\/N19804<\/a><\/h4>\n<p>&nbsp;<\/p>\n<h3><span style=\"text-decoration: underline; color: #0000ff;\">Loisirs:<\/span><\/h3>\n<h4><a href=\"https:\/\/www.service-public.fr\/particuliers\/vosdroits\/N19809\">https:\/\/www.service-public.fr\/particuliers\/vosdroits\/N19809<\/a><\/h4>\n","protected":false},"excerpt":{"rendered":"<p>Conna\u00eetre vos droits,\u00a0effectuer vos d\u00e9marches: \u00a0 Etat-civil: https:\/\/www.service-public.fr\/particuliers\/vosdroits\/N19810 Carte d&rsquo;identit\u00e9 :\u00a0 https:\/\/www.loiret.gouv.fr\/Demarches-administratives\/Cartes-d-identite-Passeports\/La-carte-d-identite-a-portee-de-clic \u00a0Familles: https:\/\/www.service-public.fr\/particuliers\/vosdroits\/N19805 &nbsp; Sant\u00e9\/Social: https:\/\/www.service-public.fr\/particuliers\/vosdroits\/N19811 &nbsp; Travail: https:\/\/www.service-public.fr\/particuliers\/vosdroits\/N19806 &nbsp; Logement: https:\/\/www.service-public.fr\/particuliers\/vosdroits\/N19808 &nbsp; Transports: https:\/\/www.service-public.fr\/particuliers\/vosdroits\/N19812 \u00a0Certificat d&rsquo;immatriculation ANTS D\u00e9marches administratives &#8211; Certificat d\u2019immatriculation (2021) Les d\u00e9marches li\u00e9es \u00e0 l&rsquo;obtention d&rsquo;un certificat d&rsquo;immatriculation (carte grise), pour cause de ventes ou de changement d\u2019adresse, se r\u00e9alisent<\/p>\n","protected":false},"author":1,"featured_media":0,"parent":0,"menu_order":0,"comment_status":"closed","ping_status":"closed","template":"","meta":{"footnotes":""},"_links":{"self":[{"href":"http:\/\/www.mairie-outarville.fr\/index.php?rest_route=\/wp\/v2\/pages\/27"}],"collection":[{"href":"http:\/\/www.mairie-outarville.fr\/index.php?rest_route=\/wp\/v2\/pages"}],"about":[{"href":"http:\/\/www.mairie-outarville.fr\/index.php?rest_route=\/wp\/v2\/types\/page"}],"author":[{"embeddable":true,"href":"http:\/\/www.mairie-outarville.fr\/index.php?rest_route=\/wp\/v2\/users\/1"}],"replies":[{"embeddable":true,"href":"http:\/\/www.mairie-outarville.fr\/index.php?rest_route=%2Fwp%2Fv2%2Fcomments&post=27"}],"version-history":[{"count":17,"href":"http:\/\/www.mairie-outarville.fr\/index.php?rest_route=\/wp\/v2\/pages\/27\/revisions"}],"predecessor-version":[{"id":5018,"href":"http:\/\/www.mairie-outarville.fr\/index.php?rest_route=\/wp\/v2\/pages\/27\/revisions\/5018"}],"wp:attachment":[{"href":"http:\/\/www.mairie-outarville.fr\/index.php?rest_route=%2Fwp%2Fv2%2Fmedia&parent=27"}],"curies":[{"name":"wp","href":"https:\/\/api.w.org\/{rel}","templated":true}]}}