{"id":2618,"date":"2019-05-15T15:50:26","date_gmt":"2019-05-15T13:50:26","guid":{"rendered":"http:\/\/www.mairie-outarville.fr\/?page_id=2618"},"modified":"2019-10-15T15:44:32","modified_gmt":"2019-10-15T13:44:32","slug":"espace-services-publics","status":"publish","type":"page","link":"http:\/\/www.mairie-outarville.fr\/?page_id=2618","title":{"rendered":"Espace Services Publics"},"content":{"rendered":"<h2><span style=\"text-decoration: underline;\"><span style=\"text-decoration: underline;\">\u00a0<a href=\"http:\/\/www.mairie-outarville.fr\/wp-content\/uploads\/2019\/05\/AFFICHE-A3-ESP-1.jpg\"><span style=\"text-decoration: underline;\"><img decoding=\"async\" loading=\"lazy\" class=\"alignleft size-large wp-image-3133\" src=\"http:\/\/www.mairie-outarville.fr\/wp-content\/uploads\/2019\/05\/AFFICHE-A3-ESP-1-724x1024.jpg\" alt=\"AFFICHE A3 ESP-1\" width=\"724\" height=\"1024\" srcset=\"http:\/\/www.mairie-outarville.fr\/wp-content\/uploads\/2019\/05\/AFFICHE-A3-ESP-1-724x1024.jpg 724w, http:\/\/www.mairie-outarville.fr\/wp-content\/uploads\/2019\/05\/AFFICHE-A3-ESP-1-212x300.jpg 212w\" sizes=\"(max-width: 724px) 100vw, 724px\" \/><\/span><\/a><\/span><span style=\"color: #33cccc; text-decoration: underline;\"><span style=\"text-decoration: underline;\"><strong>Qu\u2019est-ce qu\u2019un ESP ; Espace Services <\/strong><strong>au\u00a0<\/strong><\/span><strong>Public .<\/strong><\/span><\/span><\/h2>\n<ul style=\"color: #333333;\">\n<li>\n<h4>un accueil, des information et orientation personnalis\u00e9s par un agent form\u00e9 ;<\/h4>\n<\/li>\n<li>\n<h4>un accompagnement des Loir\u00e9tains aux d\u00e9marches en ligne pour les services publics\u00a0;<\/h4>\n<\/li>\n<li>\n<h4>des ordinateurs avec acc\u00e8s internet, un t\u00e9l\u00e9phone\u00a0;<\/h4>\n<\/li>\n<li>\n<h4>une imprimante\u00a0;<\/h4>\n<\/li>\n<li>\n<h4>une borne de visioconf\u00e9rence pour communiquer avec les diff\u00e9rents op\u00e9rateurs partenaires.<\/h4>\n<\/li>\n<\/ul>\n<h4>L\u2019\u00e9l\u00e9ment phare des ESP est une borne de visiophonie qui ouvre un acc\u00e8s direct \u00e0 plusieurs op\u00e9rateurs partenaires(Caf, Carsat, Adil-EIE, CPAM, Maison de Justice et du Droit) et permet \u00e9galementl\u2019\u00e9change de documents.<\/h4>\n<h4>Ce dispositif est extr\u00eamement simple d\u2019utilisation y compris pour les personnes qui ne ma\u00eetrisent pas ou peu les<\/h4>\n<h4>usages num\u00e9riques.<\/h4>\n<div id=\"attachment_2652\" style=\"width: 722px\" class=\"wp-caption alignleft\"><a href=\"http:\/\/www.mairie-outarville.fr\/wp-content\/uploads\/2019\/05\/DSCN0246.jpg\"><img aria-describedby=\"caption-attachment-2652\" decoding=\"async\" loading=\"lazy\" class=\"wp-image-2652\" src=\"http:\/\/www.mairie-outarville.fr\/wp-content\/uploads\/2019\/05\/DSCN0246-1024x768.jpg\" alt=\"DSCN0246\" width=\"712\" height=\"458\" \/><\/a><p id=\"caption-attachment-2652\" class=\"wp-caption-text\">Deux ordinateurs sont \u00e0 disposition du public pour vos d\u00e9marches administratives<\/p><\/div>\n<div id=\"attachment_2655\" style=\"width: 735px\" class=\"wp-caption alignleft\"><a href=\"http:\/\/www.mairie-outarville.fr\/wp-content\/uploads\/2019\/05\/DSCN0257.jpg\"><img aria-describedby=\"caption-attachment-2655\" decoding=\"async\" loading=\"lazy\" class=\"wp-image-2655\" src=\"http:\/\/www.mairie-outarville.fr\/wp-content\/uploads\/2019\/05\/DSCN0257-1024x768.jpg\" alt=\"DSCN0257\" width=\"725\" height=\"452\" \/><\/a><p id=\"caption-attachment-2655\" class=\"wp-caption-text\">Les ESP maintiennent les services publics de proximit\u00e9 dans les territoires et permettent \u00e0 tous les Loir\u00e9tains d\u2019acc\u00e9der \u00e0 leurs droits, luttant ainsi contre la fracture num\u00e9rique, gr\u00e2ce \u00e0\u00a0: \u2022\u00a0des espaces mutualis\u00e9s de services au public, regroupant en un m\u00eame lieu des services de plusieurs op\u00e9rateurs\u00a0; \u2022\u00a0la d\u00e9mat\u00e9rialisation des services, r\u00e9pondant \u00e0 l\u2019\u00e9volution des modes de vie et limitant les d\u00e9placements.<\/p><\/div>\n<div id=\"attachment_2653\" style=\"width: 723px\" class=\"wp-caption alignleft\"><a href=\"http:\/\/www.mairie-outarville.fr\/wp-content\/uploads\/2019\/05\/DSCN0250.jpg\"><img aria-describedby=\"caption-attachment-2653\" decoding=\"async\" loading=\"lazy\" class=\"wp-image-2653\" src=\"http:\/\/www.mairie-outarville.fr\/wp-content\/uploads\/2019\/05\/DSCN0250-1024x768.jpg\" alt=\"DSCN0250\" width=\"713\" height=\"428\" \/><\/a><p id=\"caption-attachment-2653\" class=\"wp-caption-text\">Un espace confidentiel pour vos rendez-vous avec les diff\u00e9rents partenaires.<\/p><\/div>\n","protected":false},"excerpt":{"rendered":"<p>\u00a0Qu\u2019est-ce qu\u2019un ESP ; Espace Services au\u00a0Public . un accueil, des information et orientation personnalis\u00e9s par un agent form\u00e9 ; un accompagnement des Loir\u00e9tains aux d\u00e9marches en ligne pour les services publics\u00a0; des ordinateurs avec acc\u00e8s internet, un t\u00e9l\u00e9phone\u00a0; une imprimante\u00a0; une borne de visioconf\u00e9rence pour communiquer avec les diff\u00e9rents op\u00e9rateurs partenaires. L\u2019\u00e9l\u00e9ment phare des<\/p>\n","protected":false},"author":3,"featured_media":0,"parent":0,"menu_order":0,"comment_status":"closed","ping_status":"closed","template":"","meta":{"footnotes":""},"_links":{"self":[{"href":"http:\/\/www.mairie-outarville.fr\/index.php?rest_route=\/wp\/v2\/pages\/2618"}],"collection":[{"href":"http:\/\/www.mairie-outarville.fr\/index.php?rest_route=\/wp\/v2\/pages"}],"about":[{"href":"http:\/\/www.mairie-outarville.fr\/index.php?rest_route=\/wp\/v2\/types\/page"}],"author":[{"embeddable":true,"href":"http:\/\/www.mairie-outarville.fr\/index.php?rest_route=\/wp\/v2\/users\/3"}],"replies":[{"embeddable":true,"href":"http:\/\/www.mairie-outarville.fr\/index.php?rest_route=%2Fwp%2Fv2%2Fcomments&post=2618"}],"version-history":[{"count":16,"href":"http:\/\/www.mairie-outarville.fr\/index.php?rest_route=\/wp\/v2\/pages\/2618\/revisions"}],"predecessor-version":[{"id":3137,"href":"http:\/\/www.mairie-outarville.fr\/index.php?rest_route=\/wp\/v2\/pages\/2618\/revisions\/3137"}],"wp:attachment":[{"href":"http:\/\/www.mairie-outarville.fr\/index.php?rest_route=%2Fwp%2Fv2%2Fmedia&parent=2618"}],"curies":[{"name":"wp","href":"https:\/\/api.w.org\/{rel}","templated":true}]}}