{"id":1332,"date":"2015-08-24T22:29:57","date_gmt":"2015-08-24T20:29:57","guid":{"rendered":"http:\/\/www.mairie-outarville.fr\/?page_id=1332"},"modified":"2021-06-11T12:15:28","modified_gmt":"2021-06-11T10:15:28","slug":"urbanisme","status":"publish","type":"page","link":"http:\/\/www.mairie-outarville.fr\/?page_id=1332","title":{"rendered":"Urbanisme"},"content":{"rendered":"<div class=\"vc_row wpb_row vc_row-fluid\" style=\"font-weight: 400;\">\n<div class=\"wpb_column vc_column_container vc_col-sm-12\">\n<div class=\"vc_column-inner\">\n<div class=\"wpb_wrapper\">\n<div class=\"wpb_text_column wpb_content_element \">\n<div class=\"wpb_wrapper\">\n<h3 style=\"font-weight: 500; color: inherit;\"><strong>R\u00e8glements, permis de construire, autorisation d\u2019urbanisme,\u2026 pour vos projets, vous devez vous conformer aux r\u00e8gles en vigueur.<\/strong><\/h3>\n<\/div>\n<\/div>\n<\/div>\n<\/div>\n<\/div>\n<\/div>\n<div class=\"vc_row wpb_row vc_row-fluid\" style=\"font-weight: 400;\">\n<div class=\"wpb_column vc_column_container vc_col-sm-12\">\n<div class=\"vc_column-inner\">\n<h3 class=\"wpb_wrapper\"><strong><span style=\"color: #414856;\">Le Plan\u00a0 Local d&rsquo;Urbanisme fixe les r\u00e8gles g\u00e9n\u00e9rales d&rsquo;utilisation du sol sur le territoire consid\u00e9r\u00e9.<\/span><\/strong><\/h3>\n<h3 class=\"wpb_wrapper\"><strong><span style=\"color: #414856;\">La d\u00e9livrance d&rsquo;une autorisation d&rsquo;urbanisme permet \u00e0 la commune de v\u00e9rifier la conformit\u00e9 des travaux par rapport aux r\u00e8gles d&rsquo;urbanisme. En fonction du type projet et du lieu, il faut d\u00e9poser une demande de permis (permis de construire, d&rsquo;am\u00e9nager&#8230;) ou une d\u00e9claration pr\u00e9alable de travaux. Avant de commencer les travaux, il est recommand\u00e9 de demander un certificat d&rsquo;urbanisme pour obtenir des informations sur le terrain faisant l&rsquo;objet de travaux.<\/span><\/strong><\/h3>\n<\/div>\n<\/div>\n<\/div>\n<h3><\/h3>\n<h3><span style=\"text-decoration: underline;\"><span style=\"color: #0000ff;\"><strong>Les autorisations d&rsquo;urbanisme<\/strong><\/span><\/span><\/h3>\n<p>Vous trouverez ci-dessous les formulaires en fonction de vos projets, cependant n&rsquo;h\u00e9sitez pas \u00e0 vous rapprocher du secr\u00e9tariat de mairie pour plus d&rsquo;information ou \u00e0 vous rendre sur le site\u00a0<a href=\"https:\/\/www.service-public.fr\/particuliers\/vosdroits\/N319\">https:\/\/www.service-public.fr\/particuliers\/vosdroits\/N319<\/a><\/p>\n<p>&nbsp;<\/p>\n<p><strong>Demande de Certificat d&rsquo;Urbanisme :<\/strong><\/p>\n<p><a href=\"http:\/\/www.mairie-outarville.fr\/wp-content\/uploads\/2015\/08\/CU-cerfa_13410-05.pdf\">CU cerfa_13410-05<\/a><\/p>\n<p>&nbsp;<\/p>\n<p><strong>D\u00e9claration Pr\u00e9alable de travaux :<\/strong><\/p>\n<p><a href=\"http:\/\/www.mairie-outarville.fr\/wp-content\/uploads\/2015\/08\/DP-portes_fen\u00eatres_toiture-cerfa_13703-07-1.pdf\">DP portes_fen\u00eatres_toiture cerfa_13703-07 (1)<\/a><\/p>\n<p><a href=\"http:\/\/www.mairie-outarville.fr\/wp-content\/uploads\/2015\/08\/DP-ravalement-fa\u00e7ade-cerfa_13703-07-4.pdf\">DP ravalement fa\u00e7ade cerfa_13703-07 (4)<\/a><\/p>\n<p><a href=\"http:\/\/www.mairie-outarville.fr\/wp-content\/uploads\/2015\/08\/DP-transformation-garage-en-pi\u00e8ce-habitable-cerfa_13703-07-2.pdf\">DP transformation garage en pi\u00e8ce habitable cerfa_13703-07 (2)<\/a><\/p>\n<p><a href=\"http:\/\/www.mairie-outarville.fr\/wp-content\/uploads\/2015\/08\/DP-v\u00e9randa_pi\u00e8ce-suppl\u00e9_sur\u00e9l\u00e9vation-cerfa_13703-07.pdf\">DP v\u00e9randa_pi\u00e8ce suppl\u00e9_sur\u00e9l\u00e9vation cerfa_13703-07<\/a><\/p>\n<p><a href=\"http:\/\/www.mairie-outarville.fr\/wp-content\/uploads\/2015\/08\/DP-changement-destination-cerfa_13404-07-2.pdf\">DP changement destination cerfa_13404-07 (2)<\/a><\/p>\n<p><a href=\"http:\/\/www.mairie-outarville.fr\/wp-content\/uploads\/2015\/08\/DP-construction-dune-piscine-cerfa_13703-07-7.pdf\">DP construction d&rsquo;une piscine cerfa_13703-07 (7)<\/a><\/p>\n<p><a href=\"http:\/\/www.mairie-outarville.fr\/wp-content\/uploads\/2015\/08\/DP-piscine-Hors_Sol-cerfa_13703-07-6.pdf\">DP piscine Hors_Sol cerfa_13703-07 (6)<\/a><\/p>\n<p><a href=\"http:\/\/www.mairie-outarville.fr\/wp-content\/uploads\/2015\/08\/DP-construction-nouvelle-garage_abri-jardincerfa_13703-07-5.pdf\">DP construction nouvelle (garage_abri jardin)cerfa_13703-07 (5)<\/a><\/p>\n<p><a href=\"http:\/\/www.mairie-outarville.fr\/wp-content\/uploads\/2015\/08\/DP-installation-caravane-plus-de-3mois-cerfa_13404-07-3.pdf\">DP installation caravane plus de 3mois cerfa_13404-07 (3)<\/a><\/p>\n<p>&nbsp;<\/p>\n<p>&nbsp;<\/p>\n<p><strong>Permis de Construire :<\/strong><\/p>\n<p><a href=\"http:\/\/www.mairie-outarville.fr\/wp-content\/uploads\/2015\/08\/PC-cerfa_13406-07.pdf\">PC cerfa_13406-07<\/a><\/p>\n<p><strong>Permis de D\u00e9molir : <\/strong><\/p>\n<p><a href=\"http:\/\/www.mairie-outarville.fr\/wp-content\/uploads\/2015\/08\/PD\u00e9m-cerfa_13405-05.pdf\">PD\u00e9m cerfa_13405-05<\/a><\/p>\n<p>&nbsp;<\/p>\n<p><strong>Avant le commencement des travaux et \u00e0 l&rsquo;issu de ceux-ci :<\/strong><\/p>\n<p><a href=\"http:\/\/www.mairie-outarville.fr\/wp-content\/uploads\/2015\/08\/D\u00e9claration-ach\u00e8vement-et-conformit\u00e9-des-travaux-cerfa_13408-05.pdf\">D\u00e9claration ach\u00e8vement et conformit\u00e9 des travaux cerfa_13408-05<\/a><\/p>\n<p><a href=\"http:\/\/www.mairie-outarville.fr\/wp-content\/uploads\/2015\/08\/D\u00e9claration-ouverture-de-chantier-cerfa_13407-03.pdf\">D\u00e9claration ouverture de chantier cerfa_13407-03<\/a><\/p>\n<p>&nbsp;<\/p>\n<h2><\/h2>\n<h2><\/h2>\n<p>&nbsp;<\/p>\n<p>&nbsp;<\/p>\n<h4><span style=\"text-decoration: underline;\"><span style=\"color: #0000ff; font-weight: bold; text-decoration: underline;\">POUR INFO<\/span><\/span><\/h4>\n<p>&nbsp;<\/p>\n<p><a href=\"http:\/\/www.mairie-outarville.fr\/wp-content\/uploads\/2015\/08\/pfac1.jpg\"><img decoding=\"async\" loading=\"lazy\" class=\"alignleft size-large wp-image-4658\" src=\"http:\/\/www.mairie-outarville.fr\/wp-content\/uploads\/2015\/08\/pfac1-724x1024.jpg\" alt=\"pfac1\" width=\"724\" height=\"1024\" srcset=\"http:\/\/www.mairie-outarville.fr\/wp-content\/uploads\/2015\/08\/pfac1-724x1024.jpg 724w, http:\/\/www.mairie-outarville.fr\/wp-content\/uploads\/2015\/08\/pfac1-212x300.jpg 212w, http:\/\/www.mairie-outarville.fr\/wp-content\/uploads\/2015\/08\/pfac1.jpg 1654w\" sizes=\"(max-width: 724px) 100vw, 724px\" \/><\/a> <a href=\"http:\/\/www.mairie-outarville.fr\/wp-content\/uploads\/2015\/08\/pfac2.jpg\"><img decoding=\"async\" loading=\"lazy\" class=\"alignleft size-large wp-image-4659\" src=\"http:\/\/www.mairie-outarville.fr\/wp-content\/uploads\/2015\/08\/pfac2-724x1024.jpg\" alt=\"pfac2\" width=\"724\" height=\"1024\" srcset=\"http:\/\/www.mairie-outarville.fr\/wp-content\/uploads\/2015\/08\/pfac2-724x1024.jpg 724w, http:\/\/www.mairie-outarville.fr\/wp-content\/uploads\/2015\/08\/pfac2-212x300.jpg 212w, http:\/\/www.mairie-outarville.fr\/wp-content\/uploads\/2015\/08\/pfac2.jpg 1654w\" sizes=\"(max-width: 724px) 100vw, 724px\" \/><\/a> <a href=\"http:\/\/www.mairie-outarville.fr\/wp-content\/uploads\/2015\/08\/pfac3.jpg\"><img decoding=\"async\" loading=\"lazy\" class=\"alignleft size-large wp-image-4660\" src=\"http:\/\/www.mairie-outarville.fr\/wp-content\/uploads\/2015\/08\/pfac3-724x1024.jpg\" alt=\"pfac3\" width=\"724\" height=\"1024\" srcset=\"http:\/\/www.mairie-outarville.fr\/wp-content\/uploads\/2015\/08\/pfac3-724x1024.jpg 724w, http:\/\/www.mairie-outarville.fr\/wp-content\/uploads\/2015\/08\/pfac3-212x300.jpg 212w, http:\/\/www.mairie-outarville.fr\/wp-content\/uploads\/2015\/08\/pfac3.jpg 1654w\" sizes=\"(max-width: 724px) 100vw, 724px\" \/><\/a><a href=\"http:\/\/www.mairie-outarville.fr\/wp-content\/uploads\/2015\/08\/taxe-A.jpg\"><img decoding=\"async\" loading=\"lazy\" class=\"alignleft size-large wp-image-4657\" src=\"http:\/\/www.mairie-outarville.fr\/wp-content\/uploads\/2015\/08\/taxe-A-724x1024.jpg\" alt=\"taxe A\" width=\"724\" height=\"1024\" srcset=\"http:\/\/www.mairie-outarville.fr\/wp-content\/uploads\/2015\/08\/taxe-A-724x1024.jpg 724w, http:\/\/www.mairie-outarville.fr\/wp-content\/uploads\/2015\/08\/taxe-A-212x300.jpg 212w, http:\/\/www.mairie-outarville.fr\/wp-content\/uploads\/2015\/08\/taxe-A.jpg 1654w\" sizes=\"(max-width: 724px) 100vw, 724px\" \/><\/a><\/p>\n<p>&nbsp;<\/p>\n<p>&nbsp;<\/p>\n<p>&nbsp;<\/p>\n","protected":false},"excerpt":{"rendered":"<p>R\u00e8glements, permis de construire, autorisation d\u2019urbanisme,\u2026 pour vos projets, vous devez vous conformer aux r\u00e8gles en vigueur. Le Plan\u00a0 Local d&rsquo;Urbanisme fixe les r\u00e8gles g\u00e9n\u00e9rales d&rsquo;utilisation du sol sur le territoire consid\u00e9r\u00e9. La d\u00e9livrance d&rsquo;une autorisation d&rsquo;urbanisme permet \u00e0 la commune de v\u00e9rifier la conformit\u00e9 des travaux par rapport aux r\u00e8gles d&rsquo;urbanisme. En fonction du<\/p>\n","protected":false},"author":3,"featured_media":0,"parent":0,"menu_order":0,"comment_status":"closed","ping_status":"closed","template":"","meta":{"footnotes":""},"_links":{"self":[{"href":"http:\/\/www.mairie-outarville.fr\/index.php?rest_route=\/wp\/v2\/pages\/1332"}],"collection":[{"href":"http:\/\/www.mairie-outarville.fr\/index.php?rest_route=\/wp\/v2\/pages"}],"about":[{"href":"http:\/\/www.mairie-outarville.fr\/index.php?rest_route=\/wp\/v2\/types\/page"}],"author":[{"embeddable":true,"href":"http:\/\/www.mairie-outarville.fr\/index.php?rest_route=\/wp\/v2\/users\/3"}],"replies":[{"embeddable":true,"href":"http:\/\/www.mairie-outarville.fr\/index.php?rest_route=%2Fwp%2Fv2%2Fcomments&post=1332"}],"version-history":[{"count":12,"href":"http:\/\/www.mairie-outarville.fr\/index.php?rest_route=\/wp\/v2\/pages\/1332\/revisions"}],"predecessor-version":[{"id":5491,"href":"http:\/\/www.mairie-outarville.fr\/index.php?rest_route=\/wp\/v2\/pages\/1332\/revisions\/5491"}],"wp:attachment":[{"href":"http:\/\/www.mairie-outarville.fr\/index.php?rest_route=%2Fwp%2Fv2%2Fmedia&parent=1332"}],"curies":[{"name":"wp","href":"https:\/\/api.w.org\/{rel}","templated":true}]}}