{"id":1155,"date":"2015-03-06T11:11:32","date_gmt":"2015-03-06T10:11:32","guid":{"rendered":"http:\/\/www.mairie-outarville.fr\/?page_id=1155"},"modified":"2018-08-02T10:22:59","modified_gmt":"2018-08-02T08:22:59","slug":"gendarmerie","status":"publish","type":"page","link":"http:\/\/www.mairie-outarville.fr\/?page_id=1155","title":{"rendered":"Gendarmerie"},"content":{"rendered":"<h2><a href=\"http:\/\/www.mairie-outarville.fr\/wp-content\/uploads\/2015\/03\/gendarmerie-2424-page-001.jpg\"><img decoding=\"async\" loading=\"lazy\" class=\"alignnone size-large wp-image-2169\" src=\"http:\/\/www.mairie-outarville.fr\/wp-content\/uploads\/2015\/03\/gendarmerie-2424-page-001-724x1024.jpg\" alt=\"gendarmerie 2424-page-001\" width=\"724\" height=\"1024\" srcset=\"http:\/\/www.mairie-outarville.fr\/wp-content\/uploads\/2015\/03\/gendarmerie-2424-page-001-724x1024.jpg 724w, http:\/\/www.mairie-outarville.fr\/wp-content\/uploads\/2015\/03\/gendarmerie-2424-page-001-212x300.jpg 212w, http:\/\/www.mairie-outarville.fr\/wp-content\/uploads\/2015\/03\/gendarmerie-2424-page-001.jpg 1240w\" sizes=\"(max-width: 724px) 100vw, 724px\" \/><\/a><a href=\"http:\/\/www.mairie-outarville.fr\/wp-content\/uploads\/2015\/03\/2dmamy2fm3p92l6.jpg\"><img decoding=\"async\" loading=\"lazy\" class=\"alignnone size-full wp-image-2164\" src=\"http:\/\/www.mairie-outarville.fr\/wp-content\/uploads\/2015\/03\/2dmamy2fm3p92l6.jpg\" alt=\"2dmamy2fm3p92l6\" width=\"850\" height=\"590\" srcset=\"http:\/\/www.mairie-outarville.fr\/wp-content\/uploads\/2015\/03\/2dmamy2fm3p92l6.jpg 850w, http:\/\/www.mairie-outarville.fr\/wp-content\/uploads\/2015\/03\/2dmamy2fm3p92l6-300x208.jpg 300w\" sizes=\"(max-width: 850px) 100vw, 850px\" \/><\/a><a href=\"http:\/\/www.mairie-outarville.fr\/wp-content\/uploads\/2015\/03\/gendarmerie.jpg\"><img decoding=\"async\" loading=\"lazy\" class=\"wp-image-1167 size-medium aligncenter\" src=\"http:\/\/www.mairie-outarville.fr\/wp-content\/uploads\/2015\/03\/gendarmerie-300x199.jpg\" alt=\"enseigne Gendarmerie isol\u00e9e sur fond blanc\" width=\"300\" height=\"199\" srcset=\"http:\/\/www.mairie-outarville.fr\/wp-content\/uploads\/2015\/03\/gendarmerie-300x199.jpg 300w, http:\/\/www.mairie-outarville.fr\/wp-content\/uploads\/2015\/03\/gendarmerie.jpg 410w\" sizes=\"(max-width: 300px) 100vw, 300px\" \/><\/a><\/h2>\n<h2><span style=\"color: #0000ff;\">Brigade de gendarmerie d&rsquo;Outarville<\/span><\/h2>\n<p>40 avenue d&rsquo;Arconville 45480 OUTARVILLE T\u00e9l\u00e9phone : 02 38 39 27 05 num\u00e9ro d&rsquo;urgence : 17<\/p>\n","protected":false},"excerpt":{"rendered":"<p>Brigade de gendarmerie d&rsquo;Outarville 40 avenue d&rsquo;Arconville 45480 OUTARVILLE T\u00e9l\u00e9phone : 02 38 39 27 05 num\u00e9ro d&rsquo;urgence : 17<\/p>\n","protected":false},"author":3,"featured_media":0,"parent":0,"menu_order":0,"comment_status":"closed","ping_status":"closed","template":"","meta":{"footnotes":""},"_links":{"self":[{"href":"http:\/\/www.mairie-outarville.fr\/index.php?rest_route=\/wp\/v2\/pages\/1155"}],"collection":[{"href":"http:\/\/www.mairie-outarville.fr\/index.php?rest_route=\/wp\/v2\/pages"}],"about":[{"href":"http:\/\/www.mairie-outarville.fr\/index.php?rest_route=\/wp\/v2\/types\/page"}],"author":[{"embeddable":true,"href":"http:\/\/www.mairie-outarville.fr\/index.php?rest_route=\/wp\/v2\/users\/3"}],"replies":[{"embeddable":true,"href":"http:\/\/www.mairie-outarville.fr\/index.php?rest_route=%2Fwp%2Fv2%2Fcomments&post=1155"}],"version-history":[{"count":9,"href":"http:\/\/www.mairie-outarville.fr\/index.php?rest_route=\/wp\/v2\/pages\/1155\/revisions"}],"predecessor-version":[{"id":2171,"href":"http:\/\/www.mairie-outarville.fr\/index.php?rest_route=\/wp\/v2\/pages\/1155\/revisions\/2171"}],"wp:attachment":[{"href":"http:\/\/www.mairie-outarville.fr\/index.php?rest_route=%2Fwp%2Fv2%2Fmedia&parent=1155"}],"curies":[{"name":"wp","href":"https:\/\/api.w.org\/{rel}","templated":true}]}}