{"id":10,"date":"2014-06-16T14:32:35","date_gmt":"2014-06-16T13:32:35","guid":{"rendered":"http:\/\/www.mairie-outarville.fr\/?page_id=10"},"modified":"2020-05-29T15:41:32","modified_gmt":"2020-05-29T13:41:32","slug":"presentation-des-membres","status":"publish","type":"page","link":"http:\/\/www.mairie-outarville.fr\/?page_id=10","title":{"rendered":"Equipe municipale"},"content":{"rendered":"<p><span style=\"text-decoration: underline;\"><strong><span style=\"color: #0000ff; text-decoration: underline;\">MANDATURE 2020\/2026<\/span><\/strong><\/span><\/p>\n<p>&nbsp;<\/p>\n<p><span style=\"text-decoration: underline; color: #0000ff;\"><strong>Le Maire :<\/strong> <\/span>Michel CHAMBRIN<\/p>\n<p><span style=\"text-decoration: underline; color: #0000ff;\"><strong>1er adjoint :<\/strong><\/span>\u00a0Daniel CHAIN<\/p>\n<p><span style=\"color: #0000ff;\"><span style=\"text-decoration: underline;\"><span class=\"Apple-style-span\" style=\"color: #333333; -webkit-text-decorations-in-effect: none;\"><span style=\"text-decoration: underline; color: #0000ff;\"><strong>2\u00e8me adjointe :<\/strong><\/span><\/span><\/span><span class=\"Apple-style-span\" style=\"color: #333333; -webkit-text-decorations-in-effect: none;\">\u00a0Roselyne LACOMBE<\/span><\/span><\/p>\n<p><span style=\"color: #0000ff;\"><span style=\"text-decoration: underline;\"><strong>3\u00e8me adjoint\u00a0 \u00a0<\/strong><\/span><span style=\"color: #000000;\">Andr\u00e9 VILLARD<\/span><\/span><\/p>\n<p><span style=\"text-decoration: underline; color: #0000ff;\"><strong>Maire d\u00e9l\u00e9gu\u00e9 d&rsquo;Allainville-en-Beauce :<\/strong> <\/span>Andr\u00e9 VILLARD<\/p>\n<p><span style=\"text-decoration: underline; color: #0000ff;\"><strong>Maire d\u00e9l\u00e9gu\u00e9 d&rsquo;Epreux-Saint-P\u00e9ravy :<\/strong><\/span>\u00a0Isabelle ANTUNES<\/p>\n<p><span style=\"text-decoration: underline; color: #0000ff;\"><strong>Maire d\u00e9l\u00e9gu\u00e9 de Faronville :<\/strong> <\/span>Chantal IMBAULT<\/p>\n<p><span style=\"text-decoration: underline; color: #0000ff;\"><strong>Maire d\u00e9l\u00e9gu\u00e9 de Teillay-le-Gaudin :<\/strong><\/span>\u00a0Daniel CHAIN<\/p>\n<p><span style=\"text-decoration: underline; color: #0000ff;\"><strong>Conseillers Municipaux :<\/strong><\/span>\u00a0Bernard GUERTON, Christine DUPUIS, Anne-Marie LIDELL, Michel DEFAYE, Christophe Robbe, Estelle CHARPENTIER, Sylvain NAUDET, Stelly DELBECQ, Mauricette FOUCHER.<\/p>\n","protected":false},"excerpt":{"rendered":"<p>MANDATURE 2020\/2026 &nbsp; Le Maire : Michel CHAMBRIN 1er adjoint :\u00a0Daniel CHAIN 2\u00e8me adjointe :\u00a0Roselyne LACOMBE 3\u00e8me adjoint\u00a0 \u00a0Andr\u00e9 VILLARD Maire d\u00e9l\u00e9gu\u00e9 d&rsquo;Allainville-en-Beauce : Andr\u00e9 VILLARD Maire d\u00e9l\u00e9gu\u00e9 d&rsquo;Epreux-Saint-P\u00e9ravy :\u00a0Isabelle ANTUNES Maire d\u00e9l\u00e9gu\u00e9 de Faronville : Chantal IMBAULT Maire d\u00e9l\u00e9gu\u00e9 de Teillay-le-Gaudin :\u00a0Daniel CHAIN Conseillers Municipaux :\u00a0Bernard GUERTON, Christine DUPUIS, Anne-Marie LIDELL, Michel DEFAYE, Christophe<\/p>\n","protected":false},"author":1,"featured_media":0,"parent":0,"menu_order":0,"comment_status":"closed","ping_status":"closed","template":"","meta":{"footnotes":""},"_links":{"self":[{"href":"http:\/\/www.mairie-outarville.fr\/index.php?rest_route=\/wp\/v2\/pages\/10"}],"collection":[{"href":"http:\/\/www.mairie-outarville.fr\/index.php?rest_route=\/wp\/v2\/pages"}],"about":[{"href":"http:\/\/www.mairie-outarville.fr\/index.php?rest_route=\/wp\/v2\/types\/page"}],"author":[{"embeddable":true,"href":"http:\/\/www.mairie-outarville.fr\/index.php?rest_route=\/wp\/v2\/users\/1"}],"replies":[{"embeddable":true,"href":"http:\/\/www.mairie-outarville.fr\/index.php?rest_route=%2Fwp%2Fv2%2Fcomments&post=10"}],"version-history":[{"count":12,"href":"http:\/\/www.mairie-outarville.fr\/index.php?rest_route=\/wp\/v2\/pages\/10\/revisions"}],"predecessor-version":[{"id":4224,"href":"http:\/\/www.mairie-outarville.fr\/index.php?rest_route=\/wp\/v2\/pages\/10\/revisions\/4224"}],"wp:attachment":[{"href":"http:\/\/www.mairie-outarville.fr\/index.php?rest_route=%2Fwp%2Fv2%2Fmedia&parent=10"}],"curies":[{"name":"wp","href":"https:\/\/api.w.org\/{rel}","templated":true}]}}